{"id":563,"date":"2022-05-17T12:41:34","date_gmt":"2022-05-17T15:41:34","guid":{"rendered":"https:\/\/otbpen.com\/comienzo\/"},"modified":"2024-02-21T14:09:23","modified_gmt":"2024-02-21T17:09:23","slug":"comienzo","status":"publish","type":"page","link":"https:\/\/otbpen.com\/es\/","title":{"rendered":"Comienzo"},"content":{"rendered":"\t\t<div data-elementor-type=\"wp-page\" data-elementor-id=\"563\" class=\"elementor elementor-563 elementor-26\" data-elementor-post-type=\"page\">\n\t\t\t\t\t\t<section class=\"elementor-section elementor-top-section elementor-element elementor-element-256ed5d elementor-section-full_width elementor-section-height-default elementor-section-height-default elementor-invisible\" data-id=\"256ed5d\" data-element_type=\"section\" data-e-type=\"section\" data-settings=\"{&quot;animation&quot;:&quot;fadeInUp&quot;}\">\n\t\t\t\t\t\t<div class=\"elementor-container elementor-column-gap-default\">\n\t\t\t\t\t<div class=\"elementor-column elementor-col-100 elementor-top-column elementor-element elementor-element-b9e36b5\" data-id=\"b9e36b5\" data-element_type=\"column\" data-e-type=\"column\" data-settings=\"{&quot;background_background&quot;:&quot;classic&quot;}\">\n\t\t\t<div class=\"elementor-widget-wrap elementor-element-populated\">\n\t\t\t\t\t\t<div class=\"elementor-element elementor-element-8456165 elementor-widget elementor-widget-heading\" data-id=\"8456165\" data-element_type=\"widget\" data-e-type=\"widget\" data-widget_type=\"heading.default\">\n\t\t\t\t<div class=\"elementor-widget-container\">\n\t\t\t\t\t<h2 class=\"elementor-heading-title elementor-size-default\"><a href=\"https:\/\/otbpen.com\/es\/invisible-pen\/\">Invisible Pen<\/a><\/h2>\t\t\t\t<\/div>\n\t\t\t\t<\/div>\n\t\t\t\t<div class=\"elementor-element elementor-element-e962e9c elementor-widget elementor-widget-heading\" data-id=\"e962e9c\" data-element_type=\"widget\" data-e-type=\"widget\" data-widget_type=\"heading.default\">\n\t\t\t\t<div class=\"elementor-widget-container\">\n\t\t\t\t\t<h6 class=\"elementor-heading-title elementor-size-default\"><a href=\"https:\/\/otbpen.com\/es\/invisible-pen\/\">Rayadores UV de alta eficiencia<\/a><\/h6>\t\t\t\t<\/div>\n\t\t\t\t<\/div>\n\t\t\t\t<div class=\"elementor-element elementor-element-753c03c elementor-align-center elementor-widget elementor-widget-button\" data-id=\"753c03c\" data-element_type=\"widget\" data-e-type=\"widget\" data-widget_type=\"button.default\">\n\t\t\t\t<div class=\"elementor-widget-container\">\n\t\t\t\t\t\t\t\t\t<div class=\"elementor-button-wrapper\">\n\t\t\t\t\t<a class=\"elementor-button elementor-button-link elementor-size-md elementor-animation-grow\" href=\"https:\/\/otbpen.com\/es\/invisible-pen\/\">\n\t\t\t\t\t\t<span class=\"elementor-button-content-wrapper\">\n\t\t\t\t\t\t<span class=\"elementor-button-icon\">\n\t\t\t\t<i aria-hidden=\"true\" class=\"fas fa-chevron-right\"><\/i>\t\t\t<\/span>\n\t\t\t\t\t\t\t\t\t<span class=\"elementor-button-text\">M\u00e1s informaci\u00f3n<\/span>\n\t\t\t\t\t<\/span>\n\t\t\t\t\t<\/a>\n\t\t\t\t<\/div>\n\t\t\t\t\t\t\t\t<\/div>\n\t\t\t\t<\/div>\n\t\t\t\t<div class=\"elementor-element elementor-element-c251f89 elementor-widget elementor-widget-image\" data-id=\"c251f89\" data-element_type=\"widget\" data-e-type=\"widget\" data-widget_type=\"image.default\">\n\t\t\t\t<div class=\"elementor-widget-container\">\n\t\t\t\t\t\t\t\t\t\t\t\t\t\t\t\t<a href=\"https:\/\/otbpen.com\/es\/invisible-pen\/\">\n\t\t\t\t\t\t\t<img fetchpriority=\"high\" decoding=\"async\" width=\"1883\" height=\"475\" src=\"https:\/\/otbpen.com\/wp-content\/uploads\/2022\/06\/OTB-Caneta-Invisible-Pen.jpg\" class=\"attachment-full size-full wp-image-997\" alt=\"\" srcset=\"https:\/\/otbpen.com\/wp-content\/uploads\/2022\/06\/OTB-Caneta-Invisible-Pen.jpg 1883w, https:\/\/otbpen.com\/wp-content\/uploads\/2022\/06\/OTB-Caneta-Invisible-Pen-300x76.jpg 300w, https:\/\/otbpen.com\/wp-content\/uploads\/2022\/06\/OTB-Caneta-Invisible-Pen-1024x258.jpg 1024w, https:\/\/otbpen.com\/wp-content\/uploads\/2022\/06\/OTB-Caneta-Invisible-Pen-768x194.jpg 768w, https:\/\/otbpen.com\/wp-content\/uploads\/2022\/06\/OTB-Caneta-Invisible-Pen-1536x387.jpg 1536w\" sizes=\"(max-width: 1883px) 100vw, 1883px\" \/>\t\t\t\t\t\t\t\t<\/a>\n\t\t\t\t\t\t\t\t\t\t\t\t\t\t\t<\/div>\n\t\t\t\t<\/div>\n\t\t\t\t\t<\/div>\n\t\t<\/div>\n\t\t\t\t\t<\/div>\n\t\t<\/section>\n\t\t\t\t<section class=\"elementor-section elementor-top-section elementor-element elementor-element-cfdd677 elementor-section-full_width elementor-section-height-default elementor-section-height-default elementor-invisible\" data-id=\"cfdd677\" data-element_type=\"section\" data-e-type=\"section\" data-settings=\"{&quot;animation&quot;:&quot;fadeInUp&quot;}\">\n\t\t\t\t\t\t<div class=\"elementor-container elementor-column-gap-default\">\n\t\t\t\t\t<div class=\"elementor-column elementor-col-100 elementor-top-column elementor-element elementor-element-9871123\" data-id=\"9871123\" data-element_type=\"column\" data-e-type=\"column\" data-settings=\"{&quot;background_background&quot;:&quot;classic&quot;}\">\n\t\t\t<div class=\"elementor-widget-wrap elementor-element-populated\">\n\t\t\t\t\t\t<div class=\"elementor-element elementor-element-8b73158 elementor-widget elementor-widget-heading\" data-id=\"8b73158\" data-element_type=\"widget\" data-e-type=\"widget\" data-widget_type=\"heading.default\">\n\t\t\t\t<div class=\"elementor-widget-container\">\n\t\t\t\t\t<h2 class=\"elementor-heading-title elementor-size-default\"><a href=\"https:\/\/otbpen.com\/es\/industria-del-calzado\/\">Industria del Calzado<\/a><\/h2>\t\t\t\t<\/div>\n\t\t\t\t<\/div>\n\t\t\t\t<div class=\"elementor-element elementor-element-cf2bc92 elementor-widget elementor-widget-heading\" data-id=\"cf2bc92\" data-element_type=\"widget\" data-e-type=\"widget\" data-widget_type=\"heading.default\">\n\t\t\t\t<div class=\"elementor-widget-container\">\n\t\t\t\t\t<h6 class=\"elementor-heading-title elementor-size-default\"><a href=\"https:\/\/otbpen.com\/es\/industria-del-calzado\/\">La tecnolog\u00eda OTB se utiliza en varios sectores de la producci\u00f3n de calzado<\/a><\/h6>\t\t\t\t<\/div>\n\t\t\t\t<\/div>\n\t\t\t\t<div class=\"elementor-element elementor-element-dbc0c34 elementor-align-center elementor-widget elementor-widget-button\" data-id=\"dbc0c34\" data-element_type=\"widget\" data-e-type=\"widget\" data-widget_type=\"button.default\">\n\t\t\t\t<div class=\"elementor-widget-container\">\n\t\t\t\t\t\t\t\t\t<div class=\"elementor-button-wrapper\">\n\t\t\t\t\t<a class=\"elementor-button elementor-button-link elementor-size-md elementor-animation-grow\" href=\"https:\/\/otbpen.com\/es\/industria-del-calzado\/\">\n\t\t\t\t\t\t<span class=\"elementor-button-content-wrapper\">\n\t\t\t\t\t\t<span class=\"elementor-button-icon\">\n\t\t\t\t<i aria-hidden=\"true\" class=\"fas fa-chevron-right\"><\/i>\t\t\t<\/span>\n\t\t\t\t\t\t\t\t\t<span class=\"elementor-button-text\">M\u00e1s informaci\u00f3n<\/span>\n\t\t\t\t\t<\/span>\n\t\t\t\t\t<\/a>\n\t\t\t\t<\/div>\n\t\t\t\t\t\t\t\t<\/div>\n\t\t\t\t<\/div>\n\t\t\t\t<div class=\"elementor-element elementor-element-b5914b8 elementor-widget elementor-widget-image\" data-id=\"b5914b8\" data-element_type=\"widget\" data-e-type=\"widget\" data-widget_type=\"image.default\">\n\t\t\t\t<div class=\"elementor-widget-container\">\n\t\t\t\t\t\t\t\t\t\t\t\t\t\t\t\t<a href=\"https:\/\/otbpen.com\/es\/industria-del-calzado\/\">\n\t\t\t\t\t\t\t<img decoding=\"async\" width=\"1883\" height=\"466\" src=\"https:\/\/otbpen.com\/wp-content\/uploads\/2022\/06\/OTB-Industria-calcado.jpg\" class=\"attachment-full size-full wp-image-994\" alt=\"\" srcset=\"https:\/\/otbpen.com\/wp-content\/uploads\/2022\/06\/OTB-Industria-calcado.jpg 1883w, https:\/\/otbpen.com\/wp-content\/uploads\/2022\/06\/OTB-Industria-calcado-300x74.jpg 300w, https:\/\/otbpen.com\/wp-content\/uploads\/2022\/06\/OTB-Industria-calcado-1024x253.jpg 1024w, https:\/\/otbpen.com\/wp-content\/uploads\/2022\/06\/OTB-Industria-calcado-768x190.jpg 768w, https:\/\/otbpen.com\/wp-content\/uploads\/2022\/06\/OTB-Industria-calcado-1536x380.jpg 1536w\" sizes=\"(max-width: 1883px) 100vw, 1883px\" \/>\t\t\t\t\t\t\t\t<\/a>\n\t\t\t\t\t\t\t\t\t\t\t\t\t\t\t<\/div>\n\t\t\t\t<\/div>\n\t\t\t\t\t<\/div>\n\t\t<\/div>\n\t\t\t\t\t<\/div>\n\t\t<\/section>\n\t\t\t\t<section class=\"elementor-section elementor-top-section elementor-element elementor-element-871a256 elementor-section-full_width elementor-section-height-default elementor-section-height-default elementor-invisible\" data-id=\"871a256\" data-element_type=\"section\" data-e-type=\"section\" data-settings=\"{&quot;animation&quot;:&quot;fadeInUp&quot;}\">\n\t\t\t\t\t\t<div class=\"elementor-container elementor-column-gap-default\">\n\t\t\t\t\t<div class=\"elementor-column elementor-col-100 elementor-top-column elementor-element elementor-element-4dd04f1\" data-id=\"4dd04f1\" data-element_type=\"column\" data-e-type=\"column\" data-settings=\"{&quot;background_background&quot;:&quot;classic&quot;}\">\n\t\t\t<div class=\"elementor-widget-wrap elementor-element-populated\">\n\t\t\t\t\t\t<div class=\"elementor-element elementor-element-78fb7a4 elementor-widget elementor-widget-heading\" data-id=\"78fb7a4\" data-element_type=\"widget\" data-e-type=\"widget\" data-widget_type=\"heading.default\">\n\t\t\t\t<div class=\"elementor-widget-container\">\n\t\t\t\t\t<h2 class=\"elementor-heading-title elementor-size-default\"><a href=\"https:\/\/otbpen.com\/es\/marcacion-convencional\/\">Rayadores plata<\/a><\/h2>\t\t\t\t<\/div>\n\t\t\t\t<\/div>\n\t\t\t\t<div class=\"elementor-element elementor-element-b169f10 elementor-widget elementor-widget-heading\" data-id=\"b169f10\" data-element_type=\"widget\" data-e-type=\"widget\" data-widget_type=\"heading.default\">\n\t\t\t\t<div class=\"elementor-widget-container\">\n\t\t\t\t\t<h6 class=\"elementor-heading-title elementor-size-default\"><a href=\"https:\/\/otbpen.com\/es\/marcacion-convencional\/\">Rayadores plata, bol\u00edgrafos de alta fijaci\u00f3n, entre otros<\/a><\/h6>\t\t\t\t<\/div>\n\t\t\t\t<\/div>\n\t\t\t\t<div class=\"elementor-element elementor-element-921683d elementor-align-center elementor-widget elementor-widget-button\" data-id=\"921683d\" data-element_type=\"widget\" data-e-type=\"widget\" data-widget_type=\"button.default\">\n\t\t\t\t<div class=\"elementor-widget-container\">\n\t\t\t\t\t\t\t\t\t<div class=\"elementor-button-wrapper\">\n\t\t\t\t\t<a class=\"elementor-button elementor-button-link elementor-size-md elementor-animation-grow\" href=\"https:\/\/otbpen.com\/es\/marcacion-convencional\/\">\n\t\t\t\t\t\t<span class=\"elementor-button-content-wrapper\">\n\t\t\t\t\t\t<span class=\"elementor-button-icon\">\n\t\t\t\t<i aria-hidden=\"true\" class=\"fas fa-chevron-right\"><\/i>\t\t\t<\/span>\n\t\t\t\t\t\t\t\t\t<span class=\"elementor-button-text\">M\u00e1s informaci\u00f3n<\/span>\n\t\t\t\t\t<\/span>\n\t\t\t\t\t<\/a>\n\t\t\t\t<\/div>\n\t\t\t\t\t\t\t\t<\/div>\n\t\t\t\t<\/div>\n\t\t\t\t<div class=\"elementor-element elementor-element-eaf588f elementor-widget elementor-widget-image\" data-id=\"eaf588f\" data-element_type=\"widget\" data-e-type=\"widget\" data-widget_type=\"image.default\">\n\t\t\t\t<div class=\"elementor-widget-container\">\n\t\t\t\t\t\t\t\t\t\t\t\t\t\t\t\t<a href=\"https:\/\/otbpen.com\/es\/marcacion-convencional\/\">\n\t\t\t\t\t\t\t<img decoding=\"async\" width=\"1883\" height=\"475\" src=\"https:\/\/otbpen.com\/wp-content\/uploads\/2022\/06\/OTB-Canetas-marca-couro.jpg\" class=\"attachment-full size-full wp-image-991\" alt=\"\" srcset=\"https:\/\/otbpen.com\/wp-content\/uploads\/2022\/06\/OTB-Canetas-marca-couro.jpg 1883w, https:\/\/otbpen.com\/wp-content\/uploads\/2022\/06\/OTB-Canetas-marca-couro-300x76.jpg 300w, https:\/\/otbpen.com\/wp-content\/uploads\/2022\/06\/OTB-Canetas-marca-couro-1024x258.jpg 1024w, https:\/\/otbpen.com\/wp-content\/uploads\/2022\/06\/OTB-Canetas-marca-couro-768x194.jpg 768w, https:\/\/otbpen.com\/wp-content\/uploads\/2022\/06\/OTB-Canetas-marca-couro-1536x387.jpg 1536w\" sizes=\"(max-width: 1883px) 100vw, 1883px\" \/>\t\t\t\t\t\t\t\t<\/a>\n\t\t\t\t\t\t\t\t\t\t\t\t\t\t\t<\/div>\n\t\t\t\t<\/div>\n\t\t\t\t\t<\/div>\n\t\t<\/div>\n\t\t\t\t\t<\/div>\n\t\t<\/section>\n\t\t\t\t<section class=\"elementor-section elementor-top-section elementor-element elementor-element-6909111 elementor-section-full_width elementor-section-height-default elementor-section-height-default elementor-invisible\" data-id=\"6909111\" data-element_type=\"section\" data-e-type=\"section\" data-settings=\"{&quot;animation&quot;:&quot;fadeInUp&quot;}\">\n\t\t\t\t\t\t<div class=\"elementor-container elementor-column-gap-default\">\n\t\t\t\t\t<div class=\"elementor-column elementor-col-100 elementor-top-column elementor-element elementor-element-82f1376\" data-id=\"82f1376\" data-element_type=\"column\" data-e-type=\"column\" data-settings=\"{&quot;background_background&quot;:&quot;classic&quot;}\">\n\t\t\t<div class=\"elementor-widget-wrap elementor-element-populated\">\n\t\t\t\t\t\t<div class=\"elementor-element elementor-element-a294de6 elementor-widget elementor-widget-heading\" data-id=\"a294de6\" data-element_type=\"widget\" data-e-type=\"widget\" data-widget_type=\"heading.default\">\n\t\t\t\t<div class=\"elementor-widget-container\">\n\t\t\t\t\t<h2 class=\"elementor-heading-title elementor-size-default\"><a href=\"https:\/\/otbpen.com\/es\/auto-vanish\/\">Rayadores m\u00e1gicos<\/a><\/h2>\t\t\t\t<\/div>\n\t\t\t\t<\/div>\n\t\t\t\t<div class=\"elementor-element elementor-element-d291da9 elementor-widget elementor-widget-heading\" data-id=\"d291da9\" data-element_type=\"widget\" data-e-type=\"widget\" data-widget_type=\"heading.default\">\n\t\t\t\t<div class=\"elementor-widget-container\">\n\t\t\t\t\t<h6 class=\"elementor-heading-title elementor-size-default\"><a href=\"https:\/\/otbpen.com\/es\/auto-vanish\/\">Descubre los bol\u00edgrafos y recargas de la l\u00ednea Auto Vanish<\/a><\/h6>\t\t\t\t<\/div>\n\t\t\t\t<\/div>\n\t\t\t\t<div class=\"elementor-element elementor-element-623d78e elementor-align-center elementor-widget elementor-widget-button\" data-id=\"623d78e\" data-element_type=\"widget\" data-e-type=\"widget\" data-widget_type=\"button.default\">\n\t\t\t\t<div class=\"elementor-widget-container\">\n\t\t\t\t\t\t\t\t\t<div class=\"elementor-button-wrapper\">\n\t\t\t\t\t<a class=\"elementor-button elementor-button-link elementor-size-md elementor-animation-grow\" href=\"https:\/\/otbpen.com\/es\/auto-vanish\/\">\n\t\t\t\t\t\t<span class=\"elementor-button-content-wrapper\">\n\t\t\t\t\t\t<span class=\"elementor-button-icon\">\n\t\t\t\t<i aria-hidden=\"true\" class=\"fas fa-chevron-right\"><\/i>\t\t\t<\/span>\n\t\t\t\t\t\t\t\t\t<span class=\"elementor-button-text\">M\u00e1s informaci\u00f3n<\/span>\n\t\t\t\t\t<\/span>\n\t\t\t\t\t<\/a>\n\t\t\t\t<\/div>\n\t\t\t\t\t\t\t\t<\/div>\n\t\t\t\t<\/div>\n\t\t\t\t<div class=\"elementor-element elementor-element-d60336f elementor-widget elementor-widget-image\" data-id=\"d60336f\" data-element_type=\"widget\" data-e-type=\"widget\" data-widget_type=\"image.default\">\n\t\t\t\t<div class=\"elementor-widget-container\">\n\t\t\t\t\t\t\t\t\t\t\t\t\t\t\t\t<a href=\"https:\/\/otbpen.com\/es\/marcacion-convencional\/\">\n\t\t\t\t\t\t\t<img loading=\"lazy\" decoding=\"async\" width=\"1883\" height=\"469\" src=\"https:\/\/otbpen.com\/wp-content\/uploads\/2022\/06\/OTB-Caneta-Auto-Vanish.jpg\" class=\"attachment-full size-full wp-image-987\" alt=\"\" srcset=\"https:\/\/otbpen.com\/wp-content\/uploads\/2022\/06\/OTB-Caneta-Auto-Vanish.jpg 1883w, https:\/\/otbpen.com\/wp-content\/uploads\/2022\/06\/OTB-Caneta-Auto-Vanish-300x75.jpg 300w, https:\/\/otbpen.com\/wp-content\/uploads\/2022\/06\/OTB-Caneta-Auto-Vanish-1024x255.jpg 1024w, https:\/\/otbpen.com\/wp-content\/uploads\/2022\/06\/OTB-Caneta-Auto-Vanish-768x191.jpg 768w, https:\/\/otbpen.com\/wp-content\/uploads\/2022\/06\/OTB-Caneta-Auto-Vanish-1536x383.jpg 1536w\" sizes=\"(max-width: 1883px) 100vw, 1883px\" \/>\t\t\t\t\t\t\t\t<\/a>\n\t\t\t\t\t\t\t\t\t\t\t\t\t\t\t<\/div>\n\t\t\t\t<\/div>\n\t\t\t\t\t<\/div>\n\t\t<\/div>\n\t\t\t\t\t<\/div>\n\t\t<\/section>\n\t\t\t\t<section class=\"elementor-section elementor-top-section elementor-element elementor-element-0db8e94 elementor-section-full_width elementor-section-height-default elementor-section-height-default\" data-id=\"0db8e94\" data-element_type=\"section\" data-e-type=\"section\">\n\t\t\t\t\t\t<div class=\"elementor-container elementor-column-gap-no\">\n\t\t\t\t\t<div class=\"elementor-column elementor-col-50 elementor-top-column elementor-element elementor-element-212f809 elementor-invisible\" data-id=\"212f809\" data-element_type=\"column\" data-e-type=\"column\" data-settings=\"{&quot;animation&quot;:&quot;fadeInUp&quot;,&quot;animation_delay&quot;:50}\">\n\t\t\t<div class=\"elementor-widget-wrap elementor-element-populated\">\n\t\t\t\t\t\t<div class=\"elementor-element elementor-element-75a7602 elementor-widget elementor-widget-image\" data-id=\"75a7602\" data-element_type=\"widget\" data-e-type=\"widget\" data-widget_type=\"image.default\">\n\t\t\t\t<div class=\"elementor-widget-container\">\n\t\t\t\t\t\t\t\t\t\t\t\t\t\t\t\t<a href=\"https:\/\/otbpen.com\/es\/responsabilidad-social\/\">\n\t\t\t\t\t\t\t<img loading=\"lazy\" decoding=\"async\" width=\"934\" height=\"580\" src=\"https:\/\/otbpen.com\/wp-content\/uploads\/2024\/02\/Garantia.jpg\" class=\"attachment-full size-full wp-image-2029\" alt=\"\" srcset=\"https:\/\/otbpen.com\/wp-content\/uploads\/2024\/02\/Garantia.jpg 934w, https:\/\/otbpen.com\/wp-content\/uploads\/2024\/02\/Garantia-300x186.jpg 300w, https:\/\/otbpen.com\/wp-content\/uploads\/2024\/02\/Garantia-768x477.jpg 768w\" sizes=\"(max-width: 934px) 100vw, 934px\" \/>\t\t\t\t\t\t\t\t<\/a>\n\t\t\t\t\t\t\t\t\t\t\t\t\t\t\t<\/div>\n\t\t\t\t<\/div>\n\t\t\t\t\t<\/div>\n\t\t<\/div>\n\t\t\t\t<div class=\"elementor-column elementor-col-50 elementor-top-column elementor-element elementor-element-8db83cf elementor-invisible\" data-id=\"8db83cf\" data-element_type=\"column\" data-e-type=\"column\" data-settings=\"{&quot;animation&quot;:&quot;fadeInUp&quot;,&quot;animation_delay&quot;:100}\">\n\t\t\t<div class=\"elementor-widget-wrap elementor-element-populated\">\n\t\t\t\t\t\t<div class=\"elementor-element elementor-element-1eee1c2 elementor-widget elementor-widget-image\" data-id=\"1eee1c2\" data-element_type=\"widget\" data-e-type=\"widget\" data-widget_type=\"image.default\">\n\t\t\t\t<div class=\"elementor-widget-container\">\n\t\t\t\t\t\t\t\t\t\t\t\t\t\t\t\t<a href=\"https:\/\/otbpen.com\/es\/sustentabilidad\/\">\n\t\t\t\t\t\t\t<img loading=\"lazy\" decoding=\"async\" width=\"934\" height=\"580\" src=\"https:\/\/otbpen.com\/wp-content\/uploads\/2024\/02\/Retornavel.png\" class=\"attachment-full size-full wp-image-2056\" alt=\"\" srcset=\"https:\/\/otbpen.com\/wp-content\/uploads\/2024\/02\/Retornavel.png 934w, https:\/\/otbpen.com\/wp-content\/uploads\/2024\/02\/Retornavel-300x186.png 300w, https:\/\/otbpen.com\/wp-content\/uploads\/2024\/02\/Retornavel-768x477.png 768w\" sizes=\"(max-width: 934px) 100vw, 934px\" \/>\t\t\t\t\t\t\t\t<\/a>\n\t\t\t\t\t\t\t\t\t\t\t\t\t\t\t<\/div>\n\t\t\t\t<\/div>\n\t\t\t\t\t<\/div>\n\t\t<\/div>\n\t\t\t\t\t<\/div>\n\t\t<\/section>\n\t\t\t\t<\/div>\n\t\t","protected":false},"excerpt":{"rendered":"<p>Invisible Pen Rayadores UV de alta eficiencia M\u00e1s informaci\u00f3n Industria del Calzado La tecnolog\u00eda OTB [&hellip;]<\/p>\n","protected":false},"author":1,"featured_media":0,"parent":0,"menu_order":0,"comment_status":"closed","ping_status":"closed","template":"","meta":{"site-sidebar-layout":"no-sidebar","site-content-layout":"page-builder","ast-site-content-layout":"default","site-content-style":"default","site-sidebar-style":"default","ast-global-header-display":"","ast-banner-title-visibility":"","ast-main-header-display":"","ast-hfb-above-header-display":"","ast-hfb-below-header-display":"","ast-hfb-mobile-header-display":"","site-post-title":"disabled","ast-breadcrumbs-content":"disabled","ast-featured-img":"","footer-sml-layout":"","ast-disable-related-posts":"","theme-transparent-header-meta":"","adv-header-id-meta":"","stick-header-meta":"","header-above-stick-meta":"","header-main-stick-meta":"","header-below-stick-meta":"","astra-migrate-meta-layouts":"default","ast-page-background-enabled":"default","ast-page-background-meta":{"desktop":{"background-color":"var(--ast-global-color-4)","background-image":"","background-repeat":"repeat","background-position":"center center","background-size":"auto","background-attachment":"scroll","background-type":"","background-media":"","overlay-type":"","overlay-color":"","overlay-opacity":"","overlay-gradient":""},"tablet":{"background-color":"","background-image":"","background-repeat":"repeat","background-position":"center center","background-size":"auto","background-attachment":"scroll","background-type":"","background-media":"","overlay-type":"","overlay-color":"","overlay-opacity":"","overlay-gradient":""},"mobile":{"background-color":"","background-image":"","background-repeat":"repeat","background-position":"center center","background-size":"auto","background-attachment":"scroll","background-type":"","background-media":"","overlay-type":"","overlay-color":"","overlay-opacity":"","overlay-gradient":""}},"ast-content-background-meta":{"desktop":{"background-color":"var(--ast-global-color-5)","background-image":"","background-repeat":"repeat","background-position":"center center","background-size":"auto","background-attachment":"scroll","background-type":"","background-media":"","overlay-type":"","overlay-color":"","overlay-opacity":"","overlay-gradient":""},"tablet":{"background-color":"var(--ast-global-color-5)","background-image":"","background-repeat":"repeat","background-position":"center center","background-size":"auto","background-attachment":"scroll","background-type":"","background-media":"","overlay-type":"","overlay-color":"","overlay-opacity":"","overlay-gradient":""},"mobile":{"background-color":"var(--ast-global-color-5)","background-image":"","background-repeat":"repeat","background-position":"center center","background-size":"auto","background-attachment":"scroll","background-type":"","background-media":"","overlay-type":"","overlay-color":"","overlay-opacity":"","overlay-gradient":""}},"footnotes":""},"class_list":["post-563","page","type-page","status-publish","hentry"],"_links":{"self":[{"href":"https:\/\/otbpen.com\/es\/wp-json\/wp\/v2\/pages\/563","targetHints":{"allow":["GET"]}}],"collection":[{"href":"https:\/\/otbpen.com\/es\/wp-json\/wp\/v2\/pages"}],"about":[{"href":"https:\/\/otbpen.com\/es\/wp-json\/wp\/v2\/types\/page"}],"author":[{"embeddable":true,"href":"https:\/\/otbpen.com\/es\/wp-json\/wp\/v2\/users\/1"}],"replies":[{"embeddable":true,"href":"https:\/\/otbpen.com\/es\/wp-json\/wp\/v2\/comments?post=563"}],"version-history":[{"count":26,"href":"https:\/\/otbpen.com\/es\/wp-json\/wp\/v2\/pages\/563\/revisions"}],"predecessor-version":[{"id":2068,"href":"https:\/\/otbpen.com\/es\/wp-json\/wp\/v2\/pages\/563\/revisions\/2068"}],"wp:attachment":[{"href":"https:\/\/otbpen.com\/es\/wp-json\/wp\/v2\/media?parent=563"}],"curies":[{"name":"wp","href":"https:\/\/api.w.org\/{rel}","templated":true}]}}