{"id":583,"date":"2022-05-17T13:54:22","date_gmt":"2022-05-17T16:54:22","guid":{"rendered":"https:\/\/otbpen.com\/quienes-somos\/"},"modified":"2023-05-31T15:35:38","modified_gmt":"2023-05-31T18:35:38","slug":"quienes-somos","status":"publish","type":"page","link":"https:\/\/otbpen.com\/es\/quienes-somos\/","title":{"rendered":"Quienes somos"},"content":{"rendered":"\t\t<div data-elementor-type=\"wp-page\" data-elementor-id=\"583\" class=\"elementor elementor-583 elementor-54\" data-elementor-post-type=\"page\">\n\t\t\t\t\t\t<section class=\"elementor-section elementor-top-section elementor-element elementor-element-4aeb20f elementor-section-boxed elementor-section-height-default elementor-section-height-default elementor-invisible\" data-id=\"4aeb20f\" data-element_type=\"section\" data-e-type=\"section\" data-settings=\"{&quot;animation&quot;:&quot;fadeInUp&quot;}\">\n\t\t\t\t\t\t<div class=\"elementor-container elementor-column-gap-default\">\n\t\t\t\t\t<div class=\"elementor-column elementor-col-100 elementor-top-column elementor-element elementor-element-b26915e\" data-id=\"b26915e\" data-element_type=\"column\" data-e-type=\"column\">\n\t\t\t<div class=\"elementor-widget-wrap elementor-element-populated\">\n\t\t\t\t\t\t<div class=\"elementor-element elementor-element-e36afba elementor-widget elementor-widget-heading\" data-id=\"e36afba\" data-element_type=\"widget\" data-e-type=\"widget\" data-widget_type=\"heading.default\">\n\t\t\t\t<div class=\"elementor-widget-container\">\n\t\t\t\t\t<h2 class=\"elementor-heading-title elementor-size-default\">OTB - Tecnolog\u00eda que genera resultados<\/h2>\t\t\t\t<\/div>\n\t\t\t\t<\/div>\n\t\t\t\t<div class=\"elementor-element elementor-element-2c48614 elementor-widget elementor-widget-text-editor\" data-id=\"2c48614\" data-element_type=\"widget\" data-e-type=\"widget\" data-widget_type=\"text-editor.default\">\n\t\t\t\t<div class=\"elementor-widget-container\">\n\t\t\t\t\t\t\t\t\t<p>Una empresa que naci\u00f3 para innovar. Hace 15 a\u00f1os se cre\u00f3 OTB con el objetivo de ofrecer a la industria una opci\u00f3n en rayado superior a la practicada tradicionalmente. Con el prop\u00f3sito de ofrecer siempre las mejores soluciones y desarrollar productos innovadores, OTB est\u00e1 en constante evoluci\u00f3n.<\/p><p>La empresa tiene su sede en Franca (SP), ciudad de referencia en la producci\u00f3n de calzado masculino en Brasil. En 2021 se inaugur\u00f3 la primera sucursal en el exterior, en Le\u00f3n (Guanajuato), importante hub del calzado en M\u00e9xico. Actualmente, OTB exporta a los principales pa\u00edses de Am\u00e9rica Latina, Europa, Canad\u00e1 e India.<\/p>\t\t\t\t\t\t\t\t<\/div>\n\t\t\t\t<\/div>\n\t\t\t\t<div class=\"elementor-element elementor-element-6fec608 elementor-widget elementor-widget-image\" data-id=\"6fec608\" data-element_type=\"widget\" data-e-type=\"widget\" data-widget_type=\"image.default\">\n\t\t\t\t<div class=\"elementor-widget-container\">\n\t\t\t\t\t\t\t\t\t\t\t\t\t\t\t<img fetchpriority=\"high\" decoding=\"async\" width=\"1200\" height=\"600\" src=\"https:\/\/otbpen.com\/wp-content\/uploads\/2022\/04\/post-1.jpg\" class=\"attachment-full size-full wp-image-708\" alt=\"\" srcset=\"https:\/\/otbpen.com\/wp-content\/uploads\/2022\/04\/post-1.jpg 1200w, https:\/\/otbpen.com\/wp-content\/uploads\/2022\/04\/post-1-300x150.jpg 300w, https:\/\/otbpen.com\/wp-content\/uploads\/2022\/04\/post-1-1024x512.jpg 1024w, https:\/\/otbpen.com\/wp-content\/uploads\/2022\/04\/post-1-768x384.jpg 768w\" sizes=\"(max-width: 1200px) 100vw, 1200px\" \/>\t\t\t\t\t\t\t\t\t\t\t\t\t\t\t<\/div>\n\t\t\t\t<\/div>\n\t\t\t\t\t<\/div>\n\t\t<\/div>\n\t\t\t\t\t<\/div>\n\t\t<\/section>\n\t\t\t\t<section class=\"elementor-section elementor-top-section elementor-element elementor-element-993d935 elementor-section-boxed elementor-section-height-default elementor-section-height-default elementor-invisible\" data-id=\"993d935\" data-element_type=\"section\" data-e-type=\"section\" data-settings=\"{&quot;animation&quot;:&quot;fadeInUp&quot;}\">\n\t\t\t\t\t\t<div class=\"elementor-container elementor-column-gap-default\">\n\t\t\t\t\t<div class=\"elementor-column elementor-col-100 elementor-top-column elementor-element elementor-element-24377c1\" data-id=\"24377c1\" data-element_type=\"column\" data-e-type=\"column\">\n\t\t\t<div class=\"elementor-widget-wrap elementor-element-populated\">\n\t\t\t\t\t\t<div class=\"elementor-element elementor-element-e7c42e9 elementor-widget elementor-widget-text-editor\" data-id=\"e7c42e9\" data-element_type=\"widget\" data-e-type=\"widget\" data-widget_type=\"text-editor.default\">\n\t\t\t\t<div class=\"elementor-widget-container\">\n\t\t\t\t\t\t\t\t\t<p>La l\u00ednea Invisible Pen de rotuladores UV cuenta con una tecnolog\u00eda patentada, en la que la tinta de los bol\u00edgrafos y recambios solo se puede ver con iluminaci\u00f3n UV, a corta distancia.<\/p>\n<p>Siguiendo la idea de entregando siempre a los mejores clientes, en poco tiempo la l\u00ednea de productos se ampli\u00f3 y comenz\u00f3 a ofrecer sus propios dispositivos de iluminaci\u00f3n, componentes para calzado y mucho m\u00e1s.<\/p>\n\t\t\t\t\t\t\t\t<\/div>\n\t\t\t\t<\/div>\n\t\t\t\t<div class=\"elementor-element elementor-element-a180752 elementor-widget elementor-widget-video\" data-id=\"a180752\" data-element_type=\"widget\" data-e-type=\"widget\" data-settings=\"{&quot;youtube_url&quot;:&quot;https:\\\/\\\/youtu.be\\\/GvdrtxFhLdU&quot;,&quot;video_type&quot;:&quot;youtube&quot;,&quot;controls&quot;:&quot;yes&quot;}\" data-widget_type=\"video.default\">\n\t\t\t\t<div class=\"elementor-widget-container\">\n\t\t\t\t\t\t\t<div class=\"elementor-wrapper elementor-open-inline\">\n\t\t\t<div class=\"elementor-video\"><\/div>\t\t<\/div>\n\t\t\t\t\t\t<\/div>\n\t\t\t\t<\/div>\n\t\t\t\t\t<\/div>\n\t\t<\/div>\n\t\t\t\t\t<\/div>\n\t\t<\/section>\n\t\t\t\t<section class=\"elementor-section elementor-top-section elementor-element elementor-element-0afc8ac elementor-section-boxed elementor-section-height-default elementor-section-height-default elementor-invisible\" data-id=\"0afc8ac\" data-element_type=\"section\" data-e-type=\"section\" data-settings=\"{&quot;animation&quot;:&quot;fadeInUp&quot;}\">\n\t\t\t\t\t\t<div class=\"elementor-container elementor-column-gap-default\">\n\t\t\t\t\t<div class=\"elementor-column elementor-col-100 elementor-top-column elementor-element elementor-element-9e0a7ee\" data-id=\"9e0a7ee\" data-element_type=\"column\" data-e-type=\"column\">\n\t\t\t<div class=\"elementor-widget-wrap elementor-element-populated\">\n\t\t\t\t\t\t<div class=\"elementor-element elementor-element-fdfc06b elementor-widget elementor-widget-text-editor\" data-id=\"fdfc06b\" data-element_type=\"widget\" data-e-type=\"widget\" data-widget_type=\"text-editor.default\">\n\t\t\t\t<div class=\"elementor-widget-container\">\n\t\t\t\t\t\t\t\t\t<p>Con tecnolog\u00eda accesible para peque\u00f1as y grandes empresas, en m\u00e1s de una d\u00e9cada de operaci\u00f3n, OTB ha impactado directamente a miles de clientes, marcas reconocidas y mundialmente reconocidas en la industria y sectores de calzado, confecciones, tapicer\u00eda automotriz, muebles, retail, entretenimiento, seguridad, entre otros.<\/p>\n\t\t\t\t\t\t\t\t<\/div>\n\t\t\t\t<\/div>\n\t\t\t\t<div class=\"elementor-element elementor-element-c1f539e elementor-widget elementor-widget-image\" data-id=\"c1f539e\" data-element_type=\"widget\" data-e-type=\"widget\" data-widget_type=\"image.default\">\n\t\t\t\t<div class=\"elementor-widget-container\">\n\t\t\t\t\t\t\t\t\t\t\t\t\t\t\t<img decoding=\"async\" width=\"1920\" height=\"1080\" src=\"https:\/\/otbpen.com\/wp-content\/uploads\/2022\/04\/Foto-Riscacao-2.png\" class=\"attachment-full size-full wp-image-730\" alt=\"\" srcset=\"https:\/\/otbpen.com\/wp-content\/uploads\/2022\/04\/Foto-Riscacao-2.png 1920w, https:\/\/otbpen.com\/wp-content\/uploads\/2022\/04\/Foto-Riscacao-2-300x169.png 300w, https:\/\/otbpen.com\/wp-content\/uploads\/2022\/04\/Foto-Riscacao-2-1024x576.png 1024w, https:\/\/otbpen.com\/wp-content\/uploads\/2022\/04\/Foto-Riscacao-2-768x432.png 768w, https:\/\/otbpen.com\/wp-content\/uploads\/2022\/04\/Foto-Riscacao-2-1536x864.png 1536w\" sizes=\"(max-width: 1920px) 100vw, 1920px\" \/>\t\t\t\t\t\t\t\t\t\t\t\t\t\t\t<\/div>\n\t\t\t\t<\/div>\n\t\t\t\t\t<\/div>\n\t\t<\/div>\n\t\t\t\t\t<\/div>\n\t\t<\/section>\n\t\t\t\t<section class=\"elementor-section elementor-top-section elementor-element elementor-element-46e02c8 elementor-section-boxed elementor-section-height-default elementor-section-height-default elementor-invisible\" data-id=\"46e02c8\" data-element_type=\"section\" data-e-type=\"section\" data-settings=\"{&quot;animation&quot;:&quot;fadeInUp&quot;}\">\n\t\t\t\t\t\t<div class=\"elementor-container elementor-column-gap-default\">\n\t\t\t\t\t<div class=\"elementor-column elementor-col-100 elementor-top-column elementor-element elementor-element-cd63275\" data-id=\"cd63275\" data-element_type=\"column\" data-e-type=\"column\">\n\t\t\t<div class=\"elementor-widget-wrap elementor-element-populated\">\n\t\t\t\t\t\t<div class=\"elementor-element elementor-element-c767cf7 elementor-widget elementor-widget-text-editor\" data-id=\"c767cf7\" data-element_type=\"widget\" data-e-type=\"widget\" data-widget_type=\"text-editor.default\">\n\t\t\t\t<div class=\"elementor-widget-container\">\n\t\t\t\t\t\t\t\t\t<p>La empresa busca incansablemente soluciones de impacto y transformaci\u00f3n, desarrollando y produciendo productos innovadores que generen resultados y beneficios comprobados, con material de calidad superior a los comercializados en el mercado y aliados a los centros tecnol\u00f3gicos m\u00e1s grandes de Estados Unidos, Am\u00e9rica Latina, Asia y Europa.<\/p>\n<p>Haga un recorrido virtual por la sede de la OTB, en Franca-SP<\/p>\n\t\t\t\t\t\t\t\t<\/div>\n\t\t\t\t<\/div>\n\t\t\t\t<div class=\"elementor-element elementor-element-85138c5 elementor-widget elementor-widget-button\" data-id=\"85138c5\" data-element_type=\"widget\" data-e-type=\"widget\" data-widget_type=\"button.default\">\n\t\t\t\t<div class=\"elementor-widget-container\">\n\t\t\t\t\t\t\t\t\t<div class=\"elementor-button-wrapper\">\n\t\t\t\t\t<a class=\"elementor-button elementor-button-link elementor-size-md\" href=\"https:\/\/bit.ly\/3B6AH5k\" target=\"_blank\">\n\t\t\t\t\t\t<span class=\"elementor-button-content-wrapper\">\n\t\t\t\t\t\t<span class=\"elementor-button-icon\">\n\t\t\t\t<i aria-hidden=\"true\" class=\"fas fa-chevron-right\"><\/i>\t\t\t<\/span>\n\t\t\t\t\t\t\t\t\t<span class=\"elementor-button-text\">Recorrido<\/span>\n\t\t\t\t\t<\/span>\n\t\t\t\t\t<\/a>\n\t\t\t\t<\/div>\n\t\t\t\t\t\t\t\t<\/div>\n\t\t\t\t<\/div>\n\t\t\t\t<div class=\"elementor-element elementor-element-6204abe elementor-widget elementor-widget-image\" data-id=\"6204abe\" data-element_type=\"widget\" data-e-type=\"widget\" data-widget_type=\"image.default\">\n\t\t\t\t<div class=\"elementor-widget-container\">\n\t\t\t\t\t\t\t\t\t\t\t\t\t\t\t<img decoding=\"async\" width=\"1600\" height=\"1200\" src=\"https:\/\/otbpen.com\/wp-content\/uploads\/2022\/04\/Equipe-OTB.jpeg\" class=\"attachment-full size-full wp-image-732\" alt=\"\" srcset=\"https:\/\/otbpen.com\/wp-content\/uploads\/2022\/04\/Equipe-OTB.jpeg 1600w, https:\/\/otbpen.com\/wp-content\/uploads\/2022\/04\/Equipe-OTB-300x225.jpeg 300w, https:\/\/otbpen.com\/wp-content\/uploads\/2022\/04\/Equipe-OTB-1024x768.jpeg 1024w, https:\/\/otbpen.com\/wp-content\/uploads\/2022\/04\/Equipe-OTB-768x576.jpeg 768w, https:\/\/otbpen.com\/wp-content\/uploads\/2022\/04\/Equipe-OTB-1536x1152.jpeg 1536w\" sizes=\"(max-width: 1600px) 100vw, 1600px\" \/>\t\t\t\t\t\t\t\t\t\t\t\t\t\t\t<\/div>\n\t\t\t\t<\/div>\n\t\t\t\t\t<\/div>\n\t\t<\/div>\n\t\t\t\t\t<\/div>\n\t\t<\/section>\n\t\t\t\t<\/div>\n\t\t","protected":false},"excerpt":{"rendered":"<p>OTB &#8211; Tecnolog\u00eda que genera resultados Una empresa que naci\u00f3 para innovar. Hace 15 a\u00f1os [&hellip;]<\/p>\n","protected":false},"author":1,"featured_media":0,"parent":0,"menu_order":0,"comment_status":"closed","ping_status":"closed","template":"","meta":{"site-sidebar-layout":"no-sidebar","site-content-layout":"page-builder","ast-site-content-layout":"default","site-content-style":"default","site-sidebar-style":"default","ast-global-header-display":"","ast-banner-title-visibility":"","ast-main-header-display":"","ast-hfb-above-header-display":"","ast-hfb-below-header-display":"","ast-hfb-mobile-header-display":"","site-post-title":"disabled","ast-breadcrumbs-content":"disabled","ast-featured-img":"disabled","footer-sml-layout":"","ast-disable-related-posts":"","theme-transparent-header-meta":"","adv-header-id-meta":"","stick-header-meta":"","header-above-stick-meta":"","header-main-stick-meta":"","header-below-stick-meta":"","astra-migrate-meta-layouts":"default","ast-page-background-enabled":"default","ast-page-background-meta":{"desktop":{"background-color":"var(--ast-global-color-4)","background-image":"","background-repeat":"repeat","background-position":"center center","background-size":"auto","background-attachment":"scroll","background-type":"","background-media":"","overlay-type":"","overlay-color":"","overlay-opacity":"","overlay-gradient":""},"tablet":{"background-color":"","background-image":"","background-repeat":"repeat","background-position":"center center","background-size":"auto","background-attachment":"scroll","background-type":"","background-media":"","overlay-type":"","overlay-color":"","overlay-opacity":"","overlay-gradient":""},"mobile":{"background-color":"","background-image":"","background-repeat":"repeat","background-position":"center center","background-size":"auto","background-attachment":"scroll","background-type":"","background-media":"","overlay-type":"","overlay-color":"","overlay-opacity":"","overlay-gradient":""}},"ast-content-background-meta":{"desktop":{"background-color":"var(--ast-global-color-5)","background-image":"","background-repeat":"repeat","background-position":"center center","background-size":"auto","background-attachment":"scroll","background-type":"","background-media":"","overlay-type":"","overlay-color":"","overlay-opacity":"","overlay-gradient":""},"tablet":{"background-color":"var(--ast-global-color-5)","background-image":"","background-repeat":"repeat","background-position":"center center","background-size":"auto","background-attachment":"scroll","background-type":"","background-media":"","overlay-type":"","overlay-color":"","overlay-opacity":"","overlay-gradient":""},"mobile":{"background-color":"var(--ast-global-color-5)","background-image":"","background-repeat":"repeat","background-position":"center center","background-size":"auto","background-attachment":"scroll","background-type":"","background-media":"","overlay-type":"","overlay-color":"","overlay-opacity":"","overlay-gradient":""}},"footnotes":""},"class_list":["post-583","page","type-page","status-publish","hentry"],"_links":{"self":[{"href":"https:\/\/otbpen.com\/es\/wp-json\/wp\/v2\/pages\/583","targetHints":{"allow":["GET"]}}],"collection":[{"href":"https:\/\/otbpen.com\/es\/wp-json\/wp\/v2\/pages"}],"about":[{"href":"https:\/\/otbpen.com\/es\/wp-json\/wp\/v2\/types\/page"}],"author":[{"embeddable":true,"href":"https:\/\/otbpen.com\/es\/wp-json\/wp\/v2\/users\/1"}],"replies":[{"embeddable":true,"href":"https:\/\/otbpen.com\/es\/wp-json\/wp\/v2\/comments?post=583"}],"version-history":[{"count":14,"href":"https:\/\/otbpen.com\/es\/wp-json\/wp\/v2\/pages\/583\/revisions"}],"predecessor-version":[{"id":1841,"href":"https:\/\/otbpen.com\/es\/wp-json\/wp\/v2\/pages\/583\/revisions\/1841"}],"wp:attachment":[{"href":"https:\/\/otbpen.com\/es\/wp-json\/wp\/v2\/media?parent=583"}],"curies":[{"name":"wp","href":"https:\/\/api.w.org\/{rel}","templated":true}]}}