{"id":587,"date":"2022-05-17T13:55:17","date_gmt":"2022-05-17T16:55:17","guid":{"rendered":"https:\/\/otbpen.com\/politica-de-privacidad\/"},"modified":"2022-05-17T13:55:17","modified_gmt":"2022-05-17T16:55:17","slug":"politica-de-privacidad","status":"publish","type":"page","link":"https:\/\/otbpen.com\/es\/politica-de-privacidad\/","title":{"rendered":"Pol\u00edtica de privacidad"},"content":{"rendered":"\t\t<div data-elementor-type=\"wp-page\" data-elementor-id=\"587\" class=\"elementor elementor-587 elementor-98\" data-elementor-post-type=\"page\">\n\t\t\t\t\t\t<section class=\"elementor-section elementor-top-section elementor-element elementor-element-1647622 elementor-section-boxed elementor-section-height-default elementor-section-height-default\" data-id=\"1647622\" data-element_type=\"section\" data-e-type=\"section\">\n\t\t\t\t\t\t<div class=\"elementor-container elementor-column-gap-default\">\n\t\t\t\t\t<div class=\"elementor-column elementor-col-100 elementor-top-column elementor-element elementor-element-040c79c\" data-id=\"040c79c\" data-element_type=\"column\" data-e-type=\"column\">\n\t\t\t<div class=\"elementor-widget-wrap elementor-element-populated\">\n\t\t\t\t\t\t<div class=\"elementor-element elementor-element-dd9030a elementor-widget elementor-widget-heading\" data-id=\"dd9030a\" data-element_type=\"widget\" data-e-type=\"widget\" data-widget_type=\"heading.default\">\n\t\t\t\t<div class=\"elementor-widget-container\">\n\t\t\t\t\t<h1 class=\"elementor-heading-title elementor-size-default\">Pol\u00edtica de privacidad<\/h1>\t\t\t\t<\/div>\n\t\t\t\t<\/div>\n\t\t\t\t<div class=\"elementor-element elementor-element-8db8611 elementor-widget elementor-widget-text-editor\" data-id=\"8db8611\" data-element_type=\"widget\" data-e-type=\"widget\" data-widget_type=\"text-editor.default\">\n\t\t\t\t<div class=\"elementor-widget-container\">\n\t\t\t\t\t\t\t\t\t<p>Toda su informaci\u00f3n personal recopilada se utilizar\u00e1 para ayudar a que su visita a nuestro sitio sea lo m\u00e1s productiva y placentera posible.<\/p>\n<p>La garant\u00eda de confidencialidad de los datos personales de los usuarios de nuestro sitio es importante para OTB Tecnilogia .<\/p>\n<p>Toda la informaci\u00f3n personal relativa a los miembros, suscriptores, clientes o visitantes que utilizan OTB Tecnilogia ser\u00e1 tratada de conformidad con la Ley de Protecci\u00f3n de Datos Personales del 26 de octubre de 1998 (Ley N\u00b0 67\/98).< \/p><\/p>\n<p>La informaci\u00f3n personal recopilada puede incluir su nombre, correo electr\u00f3nico, n\u00famero de tel\u00e9fono y\/o m\u00f3vil, direcci\u00f3n, fecha de nacimiento y\/u otros.<\/p>\n<p> p><\/p>\n<p>El uso de OTB Tecnilogia asume aceptaci\u00f3n de este Acuerdo de Privacidad. El equipo de OTB Tecnilogia se reserva el derecho de modificar este acuerdo sin previo aviso. Por lo tanto, le recomendamos que revise nuestra pol\u00edtica de privacidad con regularidad para estar siempre actualizado.<\/p>\n<h2>Publicidad<\/h2>\n<p>Al igual que otros sitios web, recopilamos y utilizamos la informaci\u00f3n contenida en los anuncios. La informaci\u00f3n contenida en los anuncios incluye su direcci\u00f3n IP (Protocolo de Internet), su ISP (Proveedor de servicios de Internet), el navegador que utiliz\u00f3 cuando visit\u00f3 nuestro sitio web (como Google Chrome o Firefox), la hora de su visita y las p\u00e1ginas que visit\u00f3. dentro de nuestro sitio web.<\/p>\n<h2>Enlaces a sitios de terceros<\/h2>\n<p>OTB Tecnilogia tiene enlaces a otros sitios que, a nuestro juicio, pueden contener informaci\u00f3n\/herramientas \u00fatiles para nuestros visitantes. Nuestra pol\u00edtica de privacidad no se aplica a sitios web de terceros, por lo que si visita otro sitio web del nuestro, debe leer su pol\u00edtica de privacidad.<\/p>\n<p>No somos responsables de la pol\u00edtica de privacidad ni del contenido presente en esos mismos sitios. .<\/p>\n\t\t\t\t\t\t\t\t<\/div>\n\t\t\t\t<\/div>\n\t\t\t\t\t<\/div>\n\t\t<\/div>\n\t\t\t\t\t<\/div>\n\t\t<\/section>\n\t\t\t\t<\/div>\n\t\t","protected":false},"excerpt":{"rendered":"<p>Pol\u00edtica de privacidad Toda su informaci\u00f3n personal recopilada se utilizar\u00e1 para ayudar a que su [&hellip;]<\/p>\n","protected":false},"author":1,"featured_media":0,"parent":0,"menu_order":0,"comment_status":"closed","ping_status":"closed","template":"","meta":{"site-sidebar-layout":"no-sidebar","site-content-layout":"page-builder","ast-site-content-layout":"default","site-content-style":"default","site-sidebar-style":"default","ast-global-header-display":"","ast-banner-title-visibility":"","ast-main-header-display":"","ast-hfb-above-header-display":"","ast-hfb-below-header-display":"","ast-hfb-mobile-header-display":"","site-post-title":"disabled","ast-breadcrumbs-content":"disabled","ast-featured-img":"disabled","footer-sml-layout":"","ast-disable-related-posts":"","theme-transparent-header-meta":"","adv-header-id-meta":"","stick-header-meta":"","header-above-stick-meta":"","header-main-stick-meta":"","header-below-stick-meta":"","astra-migrate-meta-layouts":"default","ast-page-background-enabled":"default","ast-page-background-meta":{"desktop":{"background-color":"var(--ast-global-color-4)","background-image":"","background-repeat":"repeat","background-position":"center center","background-size":"auto","background-attachment":"scroll","background-type":"","background-media":"","overlay-type":"","overlay-color":"","overlay-opacity":"","overlay-gradient":""},"tablet":{"background-color":"","background-image":"","background-repeat":"repeat","background-position":"center center","background-size":"auto","background-attachment":"scroll","background-type":"","background-media":"","overlay-type":"","overlay-color":"","overlay-opacity":"","overlay-gradient":""},"mobile":{"background-color":"","background-image":"","background-repeat":"repeat","background-position":"center center","background-size":"auto","background-attachment":"scroll","background-type":"","background-media":"","overlay-type":"","overlay-color":"","overlay-opacity":"","overlay-gradient":""}},"ast-content-background-meta":{"desktop":{"background-color":"var(--ast-global-color-5)","background-image":"","background-repeat":"repeat","background-position":"center center","background-size":"auto","background-attachment":"scroll","background-type":"","background-media":"","overlay-type":"","overlay-color":"","overlay-opacity":"","overlay-gradient":""},"tablet":{"background-color":"var(--ast-global-color-5)","background-image":"","background-repeat":"repeat","background-position":"center center","background-size":"auto","background-attachment":"scroll","background-type":"","background-media":"","overlay-type":"","overlay-color":"","overlay-opacity":"","overlay-gradient":""},"mobile":{"background-color":"var(--ast-global-color-5)","background-image":"","background-repeat":"repeat","background-position":"center center","background-size":"auto","background-attachment":"scroll","background-type":"","background-media":"","overlay-type":"","overlay-color":"","overlay-opacity":"","overlay-gradient":""}},"footnotes":""},"class_list":["post-587","page","type-page","status-publish","hentry"],"_links":{"self":[{"href":"https:\/\/otbpen.com\/es\/wp-json\/wp\/v2\/pages\/587","targetHints":{"allow":["GET"]}}],"collection":[{"href":"https:\/\/otbpen.com\/es\/wp-json\/wp\/v2\/pages"}],"about":[{"href":"https:\/\/otbpen.com\/es\/wp-json\/wp\/v2\/types\/page"}],"author":[{"embeddable":true,"href":"https:\/\/otbpen.com\/es\/wp-json\/wp\/v2\/users\/1"}],"replies":[{"embeddable":true,"href":"https:\/\/otbpen.com\/es\/wp-json\/wp\/v2\/comments?post=587"}],"version-history":[{"count":1,"href":"https:\/\/otbpen.com\/es\/wp-json\/wp\/v2\/pages\/587\/revisions"}],"predecessor-version":[{"id":588,"href":"https:\/\/otbpen.com\/es\/wp-json\/wp\/v2\/pages\/587\/revisions\/588"}],"wp:attachment":[{"href":"https:\/\/otbpen.com\/es\/wp-json\/wp\/v2\/media?parent=587"}],"curies":[{"name":"wp","href":"https:\/\/api.w.org\/{rel}","templated":true}]}}