{"id":591,"date":"2022-05-17T13:57:21","date_gmt":"2022-05-17T16:57:21","guid":{"rendered":"https:\/\/otbpen.com\/responsabilidad-social\/"},"modified":"2024-04-19T10:15:00","modified_gmt":"2024-04-19T13:15:00","slug":"responsabilidad-social","status":"publish","type":"page","link":"https:\/\/otbpen.com\/es\/responsabilidad-social\/","title":{"rendered":"Responsabilidad social"},"content":{"rendered":"\t\t<div data-elementor-type=\"wp-page\" data-elementor-id=\"591\" class=\"elementor elementor-591 elementor-36\" data-elementor-post-type=\"page\">\n\t\t\t\t\t\t<section class=\"elementor-section elementor-top-section elementor-element elementor-element-84c99f7 elementor-section-boxed elementor-section-height-default elementor-section-height-default elementor-invisible\" data-id=\"84c99f7\" data-element_type=\"section\" data-e-type=\"section\" data-settings=\"{&quot;animation&quot;:&quot;fadeInUp&quot;}\">\n\t\t\t\t\t\t<div class=\"elementor-container elementor-column-gap-default\">\n\t\t\t\t\t<div class=\"elementor-column elementor-col-100 elementor-top-column elementor-element elementor-element-c3a8524\" data-id=\"c3a8524\" data-element_type=\"column\" data-e-type=\"column\">\n\t\t\t<div class=\"elementor-widget-wrap elementor-element-populated\">\n\t\t\t\t\t\t<div class=\"elementor-element elementor-element-6458bb3 elementor-widget elementor-widget-text-editor\" data-id=\"6458bb3\" data-element_type=\"widget\" data-e-type=\"widget\" data-widget_type=\"text-editor.default\">\n\t\t\t\t<div class=\"elementor-widget-container\">\n\t\t\t\t\t\t\t\t\t<h5>Responsabilidad social<\/h5><p>Creemos que juntos podemos transformar la vida de muchas personas que son atendidas por instituciones solidarias en todo Brasil.<\/p><p>\u00a1S\u00e9 parte tambi\u00e9n de este movimiento! Ayude a construir un nuevo ma\u00f1ana en las vidas de los necesitados.<\/p>\t\t\t\t\t\t\t\t<\/div>\n\t\t\t\t<\/div>\n\t\t\t\t<div class=\"elementor-element elementor-element-534c4af elementor-widget elementor-widget-button\" data-id=\"534c4af\" data-element_type=\"widget\" data-e-type=\"widget\" data-widget_type=\"button.default\">\n\t\t\t\t<div class=\"elementor-widget-container\">\n\t\t\t\t\t\t\t\t\t<div class=\"elementor-button-wrapper\">\n\t\t\t\t\t<a class=\"elementor-button elementor-size-md elementor-animation-grow\" role=\"button\">\n\t\t\t\t\t\t<span class=\"elementor-button-content-wrapper\">\n\t\t\t\t\t\t<span class=\"elementor-button-icon\">\n\t\t\t\t<i aria-hidden=\"true\" class=\"fas fa-chevron-right\"><\/i>\t\t\t<\/span>\n\t\t\t\t\t\t\t\t\t<span class=\"elementor-button-text\">Consulte los principales proyectos apoyados por OTB a continuaci\u00f3n<\/span>\n\t\t\t\t\t<\/span>\n\t\t\t\t\t<\/a>\n\t\t\t\t<\/div>\n\t\t\t\t\t\t\t\t<\/div>\n\t\t\t\t<\/div>\n\t\t\t\t\t<\/div>\n\t\t<\/div>\n\t\t\t\t\t<\/div>\n\t\t<\/section>\n\t\t\t\t<section class=\"elementor-section elementor-top-section elementor-element elementor-element-9d4d0b5 elementor-section-boxed elementor-section-height-default elementor-section-height-default elementor-invisible\" data-id=\"9d4d0b5\" data-element_type=\"section\" data-e-type=\"section\" data-settings=\"{&quot;animation&quot;:&quot;fadeInUp&quot;}\">\n\t\t\t\t\t\t<div class=\"elementor-container elementor-column-gap-default\">\n\t\t\t\t\t<div class=\"elementor-column elementor-col-100 elementor-top-column elementor-element elementor-element-1b662e3\" data-id=\"1b662e3\" data-element_type=\"column\" data-e-type=\"column\">\n\t\t\t<div class=\"elementor-widget-wrap elementor-element-populated\">\n\t\t\t\t\t\t<div class=\"elementor-element elementor-element-0e71ff3 elementor-widget elementor-widget-image\" data-id=\"0e71ff3\" data-element_type=\"widget\" data-e-type=\"widget\" data-widget_type=\"image.default\">\n\t\t\t\t<div class=\"elementor-widget-container\">\n\t\t\t\t\t\t\t\t\t\t\t\t\t\t\t<img fetchpriority=\"high\" decoding=\"async\" width=\"573\" height=\"274\" src=\"https:\/\/otbpen.com\/wp-content\/uploads\/2022\/04\/cropped-logo-1-1.png\" class=\"attachment-full size-full wp-image-744\" alt=\"\" srcset=\"https:\/\/otbpen.com\/wp-content\/uploads\/2022\/04\/cropped-logo-1-1.png 573w, https:\/\/otbpen.com\/wp-content\/uploads\/2022\/04\/cropped-logo-1-1-300x143.png 300w\" sizes=\"(max-width: 573px) 100vw, 573px\" \/>\t\t\t\t\t\t\t\t\t\t\t\t\t\t\t<\/div>\n\t\t\t\t<\/div>\n\t\t\t\t<div class=\"elementor-element elementor-element-1308e5a elementor-widget elementor-widget-text-editor\" data-id=\"1308e5a\" data-element_type=\"widget\" data-e-type=\"widget\" data-widget_type=\"text-editor.default\">\n\t\t\t\t<div class=\"elementor-widget-container\">\n\t\t\t\t\t\t\t\t\t<p>En 2019, OTB inici\u00f3 una alianza con la ONG Banco de Alimentos, que beneficia a miles de personas en situaci\u00f3n de vulnerabilidad social en la ciudad de S\u00e3o Paulo. Un porcentaje de cada producto vendido por OTB es destinado a la organizaci\u00f3n para financiar sus actividades, contribuyendo a minimizar los impactos del hambre en el pa\u00eds.<\/p>\n\t\t\t\t\t\t\t\t<\/div>\n\t\t\t\t<\/div>\n\t\t\t\t<div class=\"elementor-element elementor-element-19d98f5 elementor-widget elementor-widget-button\" data-id=\"19d98f5\" data-element_type=\"widget\" data-e-type=\"widget\" data-widget_type=\"button.default\">\n\t\t\t\t<div class=\"elementor-widget-container\">\n\t\t\t\t\t\t\t\t\t<div class=\"elementor-button-wrapper\">\n\t\t\t\t\t<a class=\"elementor-button elementor-button-link elementor-size-md elementor-animation-grow\" href=\"https:\/\/bancodealimentos.org.br\/\" target=\"_blank\">\n\t\t\t\t\t\t<span class=\"elementor-button-content-wrapper\">\n\t\t\t\t\t\t<span class=\"elementor-button-icon\">\n\t\t\t\t<i aria-hidden=\"true\" class=\"fas fa-chevron-right\"><\/i>\t\t\t<\/span>\n\t\t\t\t\t\t\t\t\t<span class=\"elementor-button-text\">Conoce Proyecto<\/span>\n\t\t\t\t\t<\/span>\n\t\t\t\t\t<\/a>\n\t\t\t\t<\/div>\n\t\t\t\t\t\t\t\t<\/div>\n\t\t\t\t<\/div>\n\t\t\t\t<div class=\"elementor-element elementor-element-c2d356f elementor-widget elementor-widget-image\" data-id=\"c2d356f\" data-element_type=\"widget\" data-e-type=\"widget\" data-widget_type=\"image.default\">\n\t\t\t\t<div class=\"elementor-widget-container\">\n\t\t\t\t\t\t\t\t\t\t\t\t\t\t\t<img decoding=\"async\" width=\"1318\" height=\"740\" src=\"https:\/\/otbpen.com\/wp-content\/uploads\/2022\/04\/Banco-de-alimentos.jpg\" class=\"attachment-full size-full wp-image-742\" alt=\"\" srcset=\"https:\/\/otbpen.com\/wp-content\/uploads\/2022\/04\/Banco-de-alimentos.jpg 1318w, https:\/\/otbpen.com\/wp-content\/uploads\/2022\/04\/Banco-de-alimentos-300x168.jpg 300w, https:\/\/otbpen.com\/wp-content\/uploads\/2022\/04\/Banco-de-alimentos-1024x575.jpg 1024w, https:\/\/otbpen.com\/wp-content\/uploads\/2022\/04\/Banco-de-alimentos-768x431.jpg 768w\" sizes=\"(max-width: 1318px) 100vw, 1318px\" \/>\t\t\t\t\t\t\t\t\t\t\t\t\t\t\t<\/div>\n\t\t\t\t<\/div>\n\t\t\t\t\t<\/div>\n\t\t<\/div>\n\t\t\t\t\t<\/div>\n\t\t<\/section>\n\t\t\t\t<section class=\"elementor-section elementor-top-section elementor-element elementor-element-11d8064 elementor-section-boxed elementor-section-height-default elementor-section-height-default elementor-invisible\" data-id=\"11d8064\" data-element_type=\"section\" data-e-type=\"section\" data-settings=\"{&quot;animation&quot;:&quot;fadeInUp&quot;}\">\n\t\t\t\t\t\t<div class=\"elementor-container elementor-column-gap-default\">\n\t\t\t\t\t<div class=\"elementor-column elementor-col-100 elementor-top-column elementor-element elementor-element-5dfd1b0\" data-id=\"5dfd1b0\" data-element_type=\"column\" data-e-type=\"column\">\n\t\t\t<div class=\"elementor-widget-wrap elementor-element-populated\">\n\t\t\t\t\t\t<div class=\"elementor-element elementor-element-03e8460 elementor-widget elementor-widget-image\" data-id=\"03e8460\" data-element_type=\"widget\" data-e-type=\"widget\" data-widget_type=\"image.default\">\n\t\t\t\t<div class=\"elementor-widget-container\">\n\t\t\t\t\t\t\t\t\t\t\t\t\t\t\t<img decoding=\"async\" width=\"1609\" height=\"1608\" src=\"https:\/\/otbpen.com\/wp-content\/uploads\/2022\/04\/Selo-digital-empresa-Apaexonada.png\" class=\"attachment-full size-full wp-image-748\" alt=\"\" srcset=\"https:\/\/otbpen.com\/wp-content\/uploads\/2022\/04\/Selo-digital-empresa-Apaexonada.png 1609w, https:\/\/otbpen.com\/wp-content\/uploads\/2022\/04\/Selo-digital-empresa-Apaexonada-300x300.png 300w, https:\/\/otbpen.com\/wp-content\/uploads\/2022\/04\/Selo-digital-empresa-Apaexonada-1024x1024.png 1024w, https:\/\/otbpen.com\/wp-content\/uploads\/2022\/04\/Selo-digital-empresa-Apaexonada-150x150.png 150w, https:\/\/otbpen.com\/wp-content\/uploads\/2022\/04\/Selo-digital-empresa-Apaexonada-768x768.png 768w, https:\/\/otbpen.com\/wp-content\/uploads\/2022\/04\/Selo-digital-empresa-Apaexonada-1536x1536.png 1536w\" sizes=\"(max-width: 1609px) 100vw, 1609px\" \/>\t\t\t\t\t\t\t\t\t\t\t\t\t\t\t<\/div>\n\t\t\t\t<\/div>\n\t\t\t\t<div class=\"elementor-element elementor-element-90375e6 elementor-widget elementor-widget-text-editor\" data-id=\"90375e6\" data-element_type=\"widget\" data-e-type=\"widget\" data-widget_type=\"text-editor.default\">\n\t\t\t\t<div class=\"elementor-widget-container\">\n\t\t\t\t\t\t\t\t\t<p>OTB es una empresa APAExonada por APAE de Franca, que brinda asistencia a personas con discapacidad intelectual o pluridiscapacidad en las \u00e1reas de Asistencia Social, Educaci\u00f3n Especial y Salud. M\u00e1s de 400 personas son atendidas al a\u00f1o.<\/p>\n\t\t\t\t\t\t\t\t<\/div>\n\t\t\t\t<\/div>\n\t\t\t\t<div class=\"elementor-element elementor-element-bbcedaf elementor-widget elementor-widget-button\" data-id=\"bbcedaf\" data-element_type=\"widget\" data-e-type=\"widget\" data-widget_type=\"button.default\">\n\t\t\t\t<div class=\"elementor-widget-container\">\n\t\t\t\t\t\t\t\t\t<div class=\"elementor-button-wrapper\">\n\t\t\t\t\t<a class=\"elementor-button elementor-button-link elementor-size-md elementor-animation-grow\" href=\"https:\/\/www.apaefranca.org.br\/como-ajudar\/empresa-apaexonada-20\" target=\"_blank\">\n\t\t\t\t\t\t<span class=\"elementor-button-content-wrapper\">\n\t\t\t\t\t\t<span class=\"elementor-button-icon\">\n\t\t\t\t<i aria-hidden=\"true\" class=\"fas fa-chevron-right\"><\/i>\t\t\t<\/span>\n\t\t\t\t\t\t\t\t\t<span class=\"elementor-button-text\">Conoce Proyecto<\/span>\n\t\t\t\t\t<\/span>\n\t\t\t\t\t<\/a>\n\t\t\t\t<\/div>\n\t\t\t\t\t\t\t\t<\/div>\n\t\t\t\t<\/div>\n\t\t\t\t<div class=\"elementor-element elementor-element-96926dd elementor-widget elementor-widget-image\" data-id=\"96926dd\" data-element_type=\"widget\" data-e-type=\"widget\" data-widget_type=\"image.default\">\n\t\t\t\t<div class=\"elementor-widget-container\">\n\t\t\t\t\t\t\t\t\t\t\t\t\t\t\t<img loading=\"lazy\" decoding=\"async\" width=\"1318\" height=\"740\" src=\"https:\/\/otbpen.com\/wp-content\/uploads\/2022\/04\/SocialResponsibility-thrird-image.png\" class=\"attachment-full size-full wp-image-750\" alt=\"\" srcset=\"https:\/\/otbpen.com\/wp-content\/uploads\/2022\/04\/SocialResponsibility-thrird-image.png 1318w, https:\/\/otbpen.com\/wp-content\/uploads\/2022\/04\/SocialResponsibility-thrird-image-300x168.png 300w, https:\/\/otbpen.com\/wp-content\/uploads\/2022\/04\/SocialResponsibility-thrird-image-1024x575.png 1024w, https:\/\/otbpen.com\/wp-content\/uploads\/2022\/04\/SocialResponsibility-thrird-image-768x431.png 768w\" sizes=\"(max-width: 1318px) 100vw, 1318px\" \/>\t\t\t\t\t\t\t\t\t\t\t\t\t\t\t<\/div>\n\t\t\t\t<\/div>\n\t\t\t\t\t<\/div>\n\t\t<\/div>\n\t\t\t\t\t<\/div>\n\t\t<\/section>\n\t\t\t\t<section class=\"elementor-section elementor-top-section elementor-element elementor-element-3ba5cc1 elementor-section-boxed elementor-section-height-default elementor-section-height-default elementor-invisible\" data-id=\"3ba5cc1\" data-element_type=\"section\" data-e-type=\"section\" data-settings=\"{&quot;animation&quot;:&quot;fadeInUp&quot;}\">\n\t\t\t\t\t\t<div class=\"elementor-container elementor-column-gap-default\">\n\t\t\t\t\t<div class=\"elementor-column elementor-col-100 elementor-top-column elementor-element elementor-element-0d06cee\" data-id=\"0d06cee\" data-element_type=\"column\" data-e-type=\"column\">\n\t\t\t<div class=\"elementor-widget-wrap elementor-element-populated\">\n\t\t\t\t\t\t<div class=\"elementor-element elementor-element-c662478 elementor-widget elementor-widget-image\" data-id=\"c662478\" data-element_type=\"widget\" data-e-type=\"widget\" data-widget_type=\"image.default\">\n\t\t\t\t<div class=\"elementor-widget-container\">\n\t\t\t\t\t\t\t\t\t\t\t\t\t\t\t<img loading=\"lazy\" decoding=\"async\" width=\"717\" height=\"532\" src=\"https:\/\/otbpen.com\/wp-content\/uploads\/2022\/04\/iansa-logo.png\" class=\"attachment-full size-full wp-image-752\" alt=\"\" srcset=\"https:\/\/otbpen.com\/wp-content\/uploads\/2022\/04\/iansa-logo.png 717w, https:\/\/otbpen.com\/wp-content\/uploads\/2022\/04\/iansa-logo-300x223.png 300w\" sizes=\"(max-width: 717px) 100vw, 717px\" \/>\t\t\t\t\t\t\t\t\t\t\t\t\t\t\t<\/div>\n\t\t\t\t<\/div>\n\t\t\t\t<div class=\"elementor-element elementor-element-e64b103 elementor-widget elementor-widget-text-editor\" data-id=\"e64b103\" data-element_type=\"widget\" data-e-type=\"widget\" data-widget_type=\"text-editor.default\">\n\t\t\t\t<div class=\"elementor-widget-container\">\n\t\t\t\t\t\t\t\t\t<p>IANSA (Instituci\u00f3n de Apoyo a Nuestra Se\u00f1ora Aparecida) act\u00faa en la ciudad de Franca, sede de la OTB, y apoya a las personas en situaci\u00f3n de enfermedad, principalmente en la lucha contra el c\u00e1ncer. La Instituci\u00f3n recibe a los pacientes en tratamiento y a sus familias, ofreci\u00e9ndoles alimentaci\u00f3n, transporte, alojamiento y actividades de entretenimiento y aprendizaje.<\/p>\n\t\t\t\t\t\t\t\t<\/div>\n\t\t\t\t<\/div>\n\t\t\t\t<div class=\"elementor-element elementor-element-e37a9d4 elementor-widget elementor-widget-button\" data-id=\"e37a9d4\" data-element_type=\"widget\" data-e-type=\"widget\" data-widget_type=\"button.default\">\n\t\t\t\t<div class=\"elementor-widget-container\">\n\t\t\t\t\t\t\t\t\t<div class=\"elementor-button-wrapper\">\n\t\t\t\t\t<a class=\"elementor-button elementor-button-link elementor-size-md elementor-animation-grow\" href=\"https:\/\/www.iansa.org.br\/#\/\" target=\"_blank\">\n\t\t\t\t\t\t<span class=\"elementor-button-content-wrapper\">\n\t\t\t\t\t\t<span class=\"elementor-button-icon\">\n\t\t\t\t<i aria-hidden=\"true\" class=\"fas fa-chevron-right\"><\/i>\t\t\t<\/span>\n\t\t\t\t\t\t\t\t\t<span class=\"elementor-button-text\">Conoce Proyecto<\/span>\n\t\t\t\t\t<\/span>\n\t\t\t\t\t<\/a>\n\t\t\t\t<\/div>\n\t\t\t\t\t\t\t\t<\/div>\n\t\t\t\t<\/div>\n\t\t\t\t<div class=\"elementor-element elementor-element-2100b3d elementor-widget elementor-widget-image\" data-id=\"2100b3d\" data-element_type=\"widget\" data-e-type=\"widget\" data-widget_type=\"image.default\">\n\t\t\t\t<div class=\"elementor-widget-container\">\n\t\t\t\t\t\t\t\t\t\t\t\t\t\t\t<img loading=\"lazy\" decoding=\"async\" width=\"1318\" height=\"740\" src=\"https:\/\/otbpen.com\/wp-content\/uploads\/2022\/04\/Iansa.jpg\" class=\"attachment-full size-full wp-image-754\" alt=\"\" srcset=\"https:\/\/otbpen.com\/wp-content\/uploads\/2022\/04\/Iansa.jpg 1318w, https:\/\/otbpen.com\/wp-content\/uploads\/2022\/04\/Iansa-300x168.jpg 300w, https:\/\/otbpen.com\/wp-content\/uploads\/2022\/04\/Iansa-1024x575.jpg 1024w, https:\/\/otbpen.com\/wp-content\/uploads\/2022\/04\/Iansa-768x431.jpg 768w\" sizes=\"(max-width: 1318px) 100vw, 1318px\" \/>\t\t\t\t\t\t\t\t\t\t\t\t\t\t\t<\/div>\n\t\t\t\t<\/div>\n\t\t\t\t\t<\/div>\n\t\t<\/div>\n\t\t\t\t\t<\/div>\n\t\t<\/section>\n\t\t\t\t<\/div>\n\t\t","protected":false},"excerpt":{"rendered":"<p>Responsabilidad social Creemos que juntos podemos transformar la vida de muchas personas que son atendidas [&hellip;]<\/p>\n","protected":false},"author":1,"featured_media":0,"parent":0,"menu_order":0,"comment_status":"closed","ping_status":"closed","template":"","meta":{"site-sidebar-layout":"no-sidebar","site-content-layout":"page-builder","ast-site-content-layout":"default","site-content-style":"default","site-sidebar-style":"default","ast-global-header-display":"","ast-banner-title-visibility":"","ast-main-header-display":"","ast-hfb-above-header-display":"","ast-hfb-below-header-display":"","ast-hfb-mobile-header-display":"","site-post-title":"disabled","ast-breadcrumbs-content":"disabled","ast-featured-img":"disabled","footer-sml-layout":"","ast-disable-related-posts":"","theme-transparent-header-meta":"","adv-header-id-meta":"","stick-header-meta":"","header-above-stick-meta":"","header-main-stick-meta":"","header-below-stick-meta":"","astra-migrate-meta-layouts":"default","ast-page-background-enabled":"default","ast-page-background-meta":{"desktop":{"background-color":"var(--ast-global-color-4)","background-image":"","background-repeat":"repeat","background-position":"center center","background-size":"auto","background-attachment":"scroll","background-type":"","background-media":"","overlay-type":"","overlay-color":"","overlay-opacity":"","overlay-gradient":""},"tablet":{"background-color":"","background-image":"","background-repeat":"repeat","background-position":"center center","background-size":"auto","background-attachment":"scroll","background-type":"","background-media":"","overlay-type":"","overlay-color":"","overlay-opacity":"","overlay-gradient":""},"mobile":{"background-color":"","background-image":"","background-repeat":"repeat","background-position":"center center","background-size":"auto","background-attachment":"scroll","background-type":"","background-media":"","overlay-type":"","overlay-color":"","overlay-opacity":"","overlay-gradient":""}},"ast-content-background-meta":{"desktop":{"background-color":"var(--ast-global-color-5)","background-image":"","background-repeat":"repeat","background-position":"center center","background-size":"auto","background-attachment":"scroll","background-type":"","background-media":"","overlay-type":"","overlay-color":"","overlay-opacity":"","overlay-gradient":""},"tablet":{"background-color":"var(--ast-global-color-5)","background-image":"","background-repeat":"repeat","background-position":"center center","background-size":"auto","background-attachment":"scroll","background-type":"","background-media":"","overlay-type":"","overlay-color":"","overlay-opacity":"","overlay-gradient":""},"mobile":{"background-color":"var(--ast-global-color-5)","background-image":"","background-repeat":"repeat","background-position":"center center","background-size":"auto","background-attachment":"scroll","background-type":"","background-media":"","overlay-type":"","overlay-color":"","overlay-opacity":"","overlay-gradient":""}},"footnotes":""},"class_list":["post-591","page","type-page","status-publish","hentry"],"_links":{"self":[{"href":"https:\/\/otbpen.com\/es\/wp-json\/wp\/v2\/pages\/591","targetHints":{"allow":["GET"]}}],"collection":[{"href":"https:\/\/otbpen.com\/es\/wp-json\/wp\/v2\/pages"}],"about":[{"href":"https:\/\/otbpen.com\/es\/wp-json\/wp\/v2\/types\/page"}],"author":[{"embeddable":true,"href":"https:\/\/otbpen.com\/es\/wp-json\/wp\/v2\/users\/1"}],"replies":[{"embeddable":true,"href":"https:\/\/otbpen.com\/es\/wp-json\/wp\/v2\/comments?post=591"}],"version-history":[{"count":12,"href":"https:\/\/otbpen.com\/es\/wp-json\/wp\/v2\/pages\/591\/revisions"}],"predecessor-version":[{"id":2218,"href":"https:\/\/otbpen.com\/es\/wp-json\/wp\/v2\/pages\/591\/revisions\/2218"}],"wp:attachment":[{"href":"https:\/\/otbpen.com\/es\/wp-json\/wp\/v2\/media?parent=591"}],"curies":[{"name":"wp","href":"https:\/\/api.w.org\/{rel}","templated":true}]}}