{"id":1630,"date":"2023-02-08T11:24:43","date_gmt":"2023-02-08T14:24:43","guid":{"rendered":"https:\/\/otbpen.com\/responsabilita-sociale\/"},"modified":"2024-04-19T14:13:27","modified_gmt":"2024-04-19T17:13:27","slug":"responsabilita-sociale","status":"publish","type":"page","link":"https:\/\/otbpen.com\/it\/responsabilita-sociale\/","title":{"rendered":"Responsabilit\u00e0 sociale"},"content":{"rendered":"\t\t<div data-elementor-type=\"wp-page\" data-elementor-id=\"1630\" class=\"elementor elementor-1630 elementor-36\" data-elementor-post-type=\"page\">\n\t\t\t\t\t\t<section class=\"elementor-section elementor-top-section elementor-element elementor-element-84c99f7 elementor-section-boxed elementor-section-height-default elementor-section-height-default elementor-invisible\" data-id=\"84c99f7\" data-element_type=\"section\" data-e-type=\"section\" data-settings=\"{&quot;animation&quot;:&quot;fadeInUp&quot;}\">\n\t\t\t\t\t\t<div class=\"elementor-container elementor-column-gap-default\">\n\t\t\t\t\t<div class=\"elementor-column elementor-col-100 elementor-top-column elementor-element elementor-element-c3a8524\" data-id=\"c3a8524\" data-element_type=\"column\" data-e-type=\"column\">\n\t\t\t<div class=\"elementor-widget-wrap elementor-element-populated\">\n\t\t\t\t\t\t<div class=\"elementor-element elementor-element-6458bb3 elementor-widget elementor-widget-text-editor\" data-id=\"6458bb3\" data-element_type=\"widget\" data-e-type=\"widget\" data-widget_type=\"text-editor.default\">\n\t\t\t\t<div class=\"elementor-widget-container\">\n\t\t\t\t\t\t\t\t\t<h5>Responsabilit\u00e0 sociale<\/h5><p>Crediamo che insieme possiamo trasformare la vita di molte persone che ricevono servizi da istituzioni di beneficenza in tutto il mondo.<\/p><p>Partecipa anche tu a questo movimento! Aiutaci a costruire un nuovo domani nella vita di chi \u00e8 nel bisogno<b>.<\/b><\/p>\t\t\t\t\t\t\t\t<\/div>\n\t\t\t\t<\/div>\n\t\t\t\t<div class=\"elementor-element elementor-element-534c4af elementor-widget elementor-widget-button\" data-id=\"534c4af\" data-element_type=\"widget\" data-e-type=\"widget\" data-widget_type=\"button.default\">\n\t\t\t\t<div class=\"elementor-widget-container\">\n\t\t\t\t\t\t\t\t\t<div class=\"elementor-button-wrapper\">\n\t\t\t\t\t<a class=\"elementor-button elementor-size-md elementor-animation-grow\" role=\"button\">\n\t\t\t\t\t\t<span class=\"elementor-button-content-wrapper\">\n\t\t\t\t\t\t<span class=\"elementor-button-icon\">\n\t\t\t\t<i aria-hidden=\"true\" class=\"fas fa-chevron-right\"><\/i>\t\t\t<\/span>\n\t\t\t\t\t\t\t\t\t<span class=\"elementor-button-text\">Scopri di seguito i principali progetti supportati da OTB<\/span>\n\t\t\t\t\t<\/span>\n\t\t\t\t\t<\/a>\n\t\t\t\t<\/div>\n\t\t\t\t\t\t\t\t<\/div>\n\t\t\t\t<\/div>\n\t\t\t\t\t<\/div>\n\t\t<\/div>\n\t\t\t\t\t<\/div>\n\t\t<\/section>\n\t\t\t\t<section class=\"elementor-section elementor-top-section elementor-element elementor-element-9d4d0b5 elementor-section-boxed elementor-section-height-default elementor-section-height-default elementor-invisible\" data-id=\"9d4d0b5\" data-element_type=\"section\" data-e-type=\"section\" data-settings=\"{&quot;animation&quot;:&quot;fadeInUp&quot;}\">\n\t\t\t\t\t\t<div class=\"elementor-container elementor-column-gap-default\">\n\t\t\t\t\t<div class=\"elementor-column elementor-col-100 elementor-top-column elementor-element elementor-element-1b662e3\" data-id=\"1b662e3\" data-element_type=\"column\" data-e-type=\"column\">\n\t\t\t<div class=\"elementor-widget-wrap elementor-element-populated\">\n\t\t\t\t\t\t<div class=\"elementor-element elementor-element-0e71ff3 elementor-widget elementor-widget-image\" data-id=\"0e71ff3\" data-element_type=\"widget\" data-e-type=\"widget\" data-widget_type=\"image.default\">\n\t\t\t\t<div class=\"elementor-widget-container\">\n\t\t\t\t\t\t\t\t\t\t\t\t\t\t\t<img fetchpriority=\"high\" decoding=\"async\" width=\"573\" height=\"274\" src=\"https:\/\/otbpen.com\/wp-content\/uploads\/2022\/04\/cropped-logo-1-1.png\" class=\"attachment-full size-full wp-image-1496\" alt=\"\" srcset=\"https:\/\/otbpen.com\/wp-content\/uploads\/2022\/04\/cropped-logo-1-1.png 573w, https:\/\/otbpen.com\/wp-content\/uploads\/2022\/04\/cropped-logo-1-1-300x143.png 300w\" sizes=\"(max-width: 573px) 100vw, 573px\" \/>\t\t\t\t\t\t\t\t\t\t\t\t\t\t\t<\/div>\n\t\t\t\t<\/div>\n\t\t\t\t<div class=\"elementor-element elementor-element-1308e5a elementor-widget elementor-widget-text-editor\" data-id=\"1308e5a\" data-element_type=\"widget\" data-e-type=\"widget\" data-widget_type=\"text-editor.default\">\n\t\t\t\t<div class=\"elementor-widget-container\">\n\t\t\t\t\t\t\t\t\t<p>Em 2019 a OTB iniciou uma parceria com a ONG Banco de Alimentos, que beneficia milhares de pessoas em situa\u00e7\u00e3o de vulnerabilidade social na cidade de S\u00e3o Paulo. A cada produto vendido pela OTB uma porcentagem \u00e9 destinada para a organiza\u00e7\u00e3o financiar suas atividades, contribuindo para minimizar os impactos da fome no pa\u00eds.<\/p>\t\t\t\t\t\t\t\t<\/div>\n\t\t\t\t<\/div>\n\t\t\t\t<div class=\"elementor-element elementor-element-19d98f5 elementor-widget elementor-widget-button\" data-id=\"19d98f5\" data-element_type=\"widget\" data-e-type=\"widget\" data-widget_type=\"button.default\">\n\t\t\t\t<div class=\"elementor-widget-container\">\n\t\t\t\t\t\t\t\t\t<div class=\"elementor-button-wrapper\">\n\t\t\t\t\t<a class=\"elementor-button elementor-button-link elementor-size-md elementor-animation-grow\" href=\"https:\/\/bancodealimentos.org.br\/\" target=\"_blank\">\n\t\t\t\t\t\t<span class=\"elementor-button-content-wrapper\">\n\t\t\t\t\t\t<span class=\"elementor-button-icon\">\n\t\t\t\t<i aria-hidden=\"true\" class=\"fas fa-chevron-right\"><\/i>\t\t\t<\/span>\n\t\t\t\t\t\t\t\t\t<span class=\"elementor-button-text\">Conhecer o projeto<\/span>\n\t\t\t\t\t<\/span>\n\t\t\t\t\t<\/a>\n\t\t\t\t<\/div>\n\t\t\t\t\t\t\t\t<\/div>\n\t\t\t\t<\/div>\n\t\t\t\t<div class=\"elementor-element elementor-element-c2d356f elementor-widget elementor-widget-image\" data-id=\"c2d356f\" data-element_type=\"widget\" data-e-type=\"widget\" data-widget_type=\"image.default\">\n\t\t\t\t<div class=\"elementor-widget-container\">\n\t\t\t\t\t\t\t\t\t\t\t\t\t\t\t<img decoding=\"async\" width=\"1318\" height=\"740\" src=\"https:\/\/otbpen.com\/wp-content\/uploads\/2022\/04\/Banco-de-alimentos.jpg\" class=\"attachment-full size-full wp-image-1495\" alt=\"\" srcset=\"https:\/\/otbpen.com\/wp-content\/uploads\/2022\/04\/Banco-de-alimentos.jpg 1318w, https:\/\/otbpen.com\/wp-content\/uploads\/2022\/04\/Banco-de-alimentos-300x168.jpg 300w, https:\/\/otbpen.com\/wp-content\/uploads\/2022\/04\/Banco-de-alimentos-1024x575.jpg 1024w, https:\/\/otbpen.com\/wp-content\/uploads\/2022\/04\/Banco-de-alimentos-768x431.jpg 768w\" sizes=\"(max-width: 1318px) 100vw, 1318px\" \/>\t\t\t\t\t\t\t\t\t\t\t\t\t\t\t<\/div>\n\t\t\t\t<\/div>\n\t\t\t\t\t<\/div>\n\t\t<\/div>\n\t\t\t\t\t<\/div>\n\t\t<\/section>\n\t\t\t\t<section class=\"elementor-section elementor-top-section elementor-element elementor-element-11d8064 elementor-section-boxed elementor-section-height-default elementor-section-height-default elementor-invisible\" data-id=\"11d8064\" data-element_type=\"section\" data-e-type=\"section\" data-settings=\"{&quot;animation&quot;:&quot;fadeInUp&quot;}\">\n\t\t\t\t\t\t<div class=\"elementor-container elementor-column-gap-default\">\n\t\t\t\t\t<div class=\"elementor-column elementor-col-100 elementor-top-column elementor-element elementor-element-5dfd1b0\" data-id=\"5dfd1b0\" data-element_type=\"column\" data-e-type=\"column\">\n\t\t\t<div class=\"elementor-widget-wrap elementor-element-populated\">\n\t\t\t\t\t\t<div class=\"elementor-element elementor-element-03e8460 elementor-widget elementor-widget-image\" data-id=\"03e8460\" data-element_type=\"widget\" data-e-type=\"widget\" data-widget_type=\"image.default\">\n\t\t\t\t<div class=\"elementor-widget-container\">\n\t\t\t\t\t\t\t\t\t\t\t\t\t\t\t<img decoding=\"async\" width=\"1609\" height=\"1608\" src=\"https:\/\/otbpen.com\/wp-content\/uploads\/2022\/04\/Selo-digital-empresa-Apaexonada.png\" class=\"attachment-full size-full wp-image-1498\" alt=\"\" srcset=\"https:\/\/otbpen.com\/wp-content\/uploads\/2022\/04\/Selo-digital-empresa-Apaexonada.png 1609w, https:\/\/otbpen.com\/wp-content\/uploads\/2022\/04\/Selo-digital-empresa-Apaexonada-300x300.png 300w, https:\/\/otbpen.com\/wp-content\/uploads\/2022\/04\/Selo-digital-empresa-Apaexonada-1024x1024.png 1024w, https:\/\/otbpen.com\/wp-content\/uploads\/2022\/04\/Selo-digital-empresa-Apaexonada-150x150.png 150w, https:\/\/otbpen.com\/wp-content\/uploads\/2022\/04\/Selo-digital-empresa-Apaexonada-768x768.png 768w, https:\/\/otbpen.com\/wp-content\/uploads\/2022\/04\/Selo-digital-empresa-Apaexonada-1536x1536.png 1536w\" sizes=\"(max-width: 1609px) 100vw, 1609px\" \/>\t\t\t\t\t\t\t\t\t\t\t\t\t\t\t<\/div>\n\t\t\t\t<\/div>\n\t\t\t\t<div class=\"elementor-element elementor-element-90375e6 elementor-widget elementor-widget-text-editor\" data-id=\"90375e6\" data-element_type=\"widget\" data-e-type=\"widget\" data-widget_type=\"text-editor.default\">\n\t\t\t\t<div class=\"elementor-widget-container\">\n\t\t\t\t\t\t\t\t\t<p>A OTB \u00e9 uma empresa APAExonada pela APAE de Franca, que presta atendimento \u00e0 pessoas com defici\u00eancia intelectual ou m\u00faltipla nas \u00e1reas de Assist\u00eancia Social, Educa\u00e7\u00e3o Especial e Sa\u00fade. S\u00e3o mais de 400 pessoas atendidas por ano.<\/p>\t\t\t\t\t\t\t\t<\/div>\n\t\t\t\t<\/div>\n\t\t\t\t<div class=\"elementor-element elementor-element-bbcedaf elementor-widget elementor-widget-button\" data-id=\"bbcedaf\" data-element_type=\"widget\" data-e-type=\"widget\" data-widget_type=\"button.default\">\n\t\t\t\t<div class=\"elementor-widget-container\">\n\t\t\t\t\t\t\t\t\t<div class=\"elementor-button-wrapper\">\n\t\t\t\t\t<a class=\"elementor-button elementor-button-link elementor-size-md elementor-animation-grow\" href=\"https:\/\/www.apaefranca.org.br\/como-ajudar\/empresa-apaexonada-20\" target=\"_blank\">\n\t\t\t\t\t\t<span class=\"elementor-button-content-wrapper\">\n\t\t\t\t\t\t<span class=\"elementor-button-icon\">\n\t\t\t\t<i aria-hidden=\"true\" class=\"fas fa-chevron-right\"><\/i>\t\t\t<\/span>\n\t\t\t\t\t\t\t\t\t<span class=\"elementor-button-text\">Conhecer o projeto<\/span>\n\t\t\t\t\t<\/span>\n\t\t\t\t\t<\/a>\n\t\t\t\t<\/div>\n\t\t\t\t\t\t\t\t<\/div>\n\t\t\t\t<\/div>\n\t\t\t\t<div class=\"elementor-element elementor-element-96926dd elementor-widget elementor-widget-image\" data-id=\"96926dd\" data-element_type=\"widget\" data-e-type=\"widget\" data-widget_type=\"image.default\">\n\t\t\t\t<div class=\"elementor-widget-container\">\n\t\t\t\t\t\t\t\t\t\t\t\t\t\t\t<img loading=\"lazy\" decoding=\"async\" width=\"1318\" height=\"740\" src=\"https:\/\/otbpen.com\/wp-content\/uploads\/2022\/04\/SocialResponsibility-thrird-image.png\" class=\"attachment-full size-full wp-image-1499\" alt=\"\" srcset=\"https:\/\/otbpen.com\/wp-content\/uploads\/2022\/04\/SocialResponsibility-thrird-image.png 1318w, https:\/\/otbpen.com\/wp-content\/uploads\/2022\/04\/SocialResponsibility-thrird-image-300x168.png 300w, https:\/\/otbpen.com\/wp-content\/uploads\/2022\/04\/SocialResponsibility-thrird-image-1024x575.png 1024w, https:\/\/otbpen.com\/wp-content\/uploads\/2022\/04\/SocialResponsibility-thrird-image-768x431.png 768w\" sizes=\"(max-width: 1318px) 100vw, 1318px\" \/>\t\t\t\t\t\t\t\t\t\t\t\t\t\t\t<\/div>\n\t\t\t\t<\/div>\n\t\t\t\t\t<\/div>\n\t\t<\/div>\n\t\t\t\t\t<\/div>\n\t\t<\/section>\n\t\t\t\t<section class=\"elementor-section elementor-top-section elementor-element elementor-element-3ba5cc1 elementor-section-boxed elementor-section-height-default elementor-section-height-default elementor-invisible\" data-id=\"3ba5cc1\" data-element_type=\"section\" data-e-type=\"section\" data-settings=\"{&quot;animation&quot;:&quot;fadeInUp&quot;}\">\n\t\t\t\t\t\t<div class=\"elementor-container elementor-column-gap-default\">\n\t\t\t\t\t<div class=\"elementor-column elementor-col-100 elementor-top-column elementor-element elementor-element-0d06cee\" data-id=\"0d06cee\" data-element_type=\"column\" data-e-type=\"column\">\n\t\t\t<div class=\"elementor-widget-wrap elementor-element-populated\">\n\t\t\t\t\t\t<div class=\"elementor-element elementor-element-c662478 elementor-widget elementor-widget-image\" data-id=\"c662478\" data-element_type=\"widget\" data-e-type=\"widget\" data-widget_type=\"image.default\">\n\t\t\t\t<div class=\"elementor-widget-container\">\n\t\t\t\t\t\t\t\t\t\t\t\t\t\t\t<img loading=\"lazy\" decoding=\"async\" width=\"717\" height=\"532\" src=\"https:\/\/otbpen.com\/wp-content\/uploads\/2022\/04\/iansa-logo.png\" class=\"attachment-full size-full wp-image-1500\" alt=\"\" srcset=\"https:\/\/otbpen.com\/wp-content\/uploads\/2022\/04\/iansa-logo.png 717w, https:\/\/otbpen.com\/wp-content\/uploads\/2022\/04\/iansa-logo-300x223.png 300w\" sizes=\"(max-width: 717px) 100vw, 717px\" \/>\t\t\t\t\t\t\t\t\t\t\t\t\t\t\t<\/div>\n\t\t\t\t<\/div>\n\t\t\t\t<div class=\"elementor-element elementor-element-e64b103 elementor-widget elementor-widget-text-editor\" data-id=\"e64b103\" data-element_type=\"widget\" data-e-type=\"widget\" data-widget_type=\"text-editor.default\">\n\t\t\t\t<div class=\"elementor-widget-container\">\n\t\t\t\t\t\t\t\t\t<p>A IANSA (Institui\u00e7\u00e3o de Apoio Nossa Senhora Aparecida) tem atua\u00e7\u00e3o na cidade de Franca, sede da OTB, e apoia pessoas em situa\u00e7\u00f5es de adoecimento, principalmente na luta contra o c\u00e2ncer. A Institui\u00e7\u00e3o acolhe pacientes em tratamento e tamb\u00e9m seus familiares, oferecendo alimenta\u00e7\u00e3o, transporte, hospedagem e atividades para entretenimento e aprendizado.<\/p>\t\t\t\t\t\t\t\t<\/div>\n\t\t\t\t<\/div>\n\t\t\t\t<div class=\"elementor-element elementor-element-e37a9d4 elementor-widget elementor-widget-button\" data-id=\"e37a9d4\" data-element_type=\"widget\" data-e-type=\"widget\" data-widget_type=\"button.default\">\n\t\t\t\t<div class=\"elementor-widget-container\">\n\t\t\t\t\t\t\t\t\t<div class=\"elementor-button-wrapper\">\n\t\t\t\t\t<a class=\"elementor-button elementor-button-link elementor-size-md elementor-animation-grow\" href=\"https:\/\/www.iansa.org.br\/#\/\" target=\"_blank\">\n\t\t\t\t\t\t<span class=\"elementor-button-content-wrapper\">\n\t\t\t\t\t\t<span class=\"elementor-button-icon\">\n\t\t\t\t<i aria-hidden=\"true\" class=\"fas fa-chevron-right\"><\/i>\t\t\t<\/span>\n\t\t\t\t\t\t\t\t\t<span class=\"elementor-button-text\">Conhecer o projeto<\/span>\n\t\t\t\t\t<\/span>\n\t\t\t\t\t<\/a>\n\t\t\t\t<\/div>\n\t\t\t\t\t\t\t\t<\/div>\n\t\t\t\t<\/div>\n\t\t\t\t<div class=\"elementor-element elementor-element-2100b3d elementor-widget elementor-widget-image\" data-id=\"2100b3d\" data-element_type=\"widget\" data-e-type=\"widget\" data-widget_type=\"image.default\">\n\t\t\t\t<div class=\"elementor-widget-container\">\n\t\t\t\t\t\t\t\t\t\t\t\t\t\t\t<img loading=\"lazy\" decoding=\"async\" width=\"1318\" height=\"740\" src=\"https:\/\/otbpen.com\/wp-content\/uploads\/2022\/04\/Iansa.jpg\" class=\"attachment-full size-full wp-image-1501\" alt=\"\" srcset=\"https:\/\/otbpen.com\/wp-content\/uploads\/2022\/04\/Iansa.jpg 1318w, https:\/\/otbpen.com\/wp-content\/uploads\/2022\/04\/Iansa-300x168.jpg 300w, https:\/\/otbpen.com\/wp-content\/uploads\/2022\/04\/Iansa-1024x575.jpg 1024w, https:\/\/otbpen.com\/wp-content\/uploads\/2022\/04\/Iansa-768x431.jpg 768w\" sizes=\"(max-width: 1318px) 100vw, 1318px\" \/>\t\t\t\t\t\t\t\t\t\t\t\t\t\t\t<\/div>\n\t\t\t\t<\/div>\n\t\t\t\t\t<\/div>\n\t\t<\/div>\n\t\t\t\t\t<\/div>\n\t\t<\/section>\n\t\t\t\t<\/div>\n\t\t","protected":false},"excerpt":{"rendered":"<p>Responsabilit\u00e0 sociale Crediamo che insieme possiamo trasformare la vita di molte persone che ricevono servizi [&hellip;]<\/p>\n","protected":false},"author":1,"featured_media":0,"parent":0,"menu_order":0,"comment_status":"closed","ping_status":"closed","template":"","meta":{"site-sidebar-layout":"no-sidebar","site-content-layout":"page-builder","ast-site-content-layout":"default","site-content-style":"default","site-sidebar-style":"default","ast-global-header-display":"","ast-banner-title-visibility":"","ast-main-header-display":"","ast-hfb-above-header-display":"","ast-hfb-below-header-display":"","ast-hfb-mobile-header-display":"","site-post-title":"disabled","ast-breadcrumbs-content":"disabled","ast-featured-img":"disabled","footer-sml-layout":"","ast-disable-related-posts":"","theme-transparent-header-meta":"","adv-header-id-meta":"","stick-header-meta":"","header-above-stick-meta":"","header-main-stick-meta":"","header-below-stick-meta":"","astra-migrate-meta-layouts":"default","ast-page-background-enabled":"default","ast-page-background-meta":{"desktop":{"background-color":"var(--ast-global-color-4)","background-image":"","background-repeat":"repeat","background-position":"center center","background-size":"auto","background-attachment":"scroll","background-type":"","background-media":"","overlay-type":"","overlay-color":"","overlay-opacity":"","overlay-gradient":""},"tablet":{"background-color":"","background-image":"","background-repeat":"repeat","background-position":"center center","background-size":"auto","background-attachment":"scroll","background-type":"","background-media":"","overlay-type":"","overlay-color":"","overlay-opacity":"","overlay-gradient":""},"mobile":{"background-color":"","background-image":"","background-repeat":"repeat","background-position":"center center","background-size":"auto","background-attachment":"scroll","background-type":"","background-media":"","overlay-type":"","overlay-color":"","overlay-opacity":"","overlay-gradient":""}},"ast-content-background-meta":{"desktop":{"background-color":"var(--ast-global-color-5)","background-image":"","background-repeat":"repeat","background-position":"center center","background-size":"auto","background-attachment":"scroll","background-type":"","background-media":"","overlay-type":"","overlay-color":"","overlay-opacity":"","overlay-gradient":""},"tablet":{"background-color":"var(--ast-global-color-5)","background-image":"","background-repeat":"repeat","background-position":"center center","background-size":"auto","background-attachment":"scroll","background-type":"","background-media":"","overlay-type":"","overlay-color":"","overlay-opacity":"","overlay-gradient":""},"mobile":{"background-color":"var(--ast-global-color-5)","background-image":"","background-repeat":"repeat","background-position":"center center","background-size":"auto","background-attachment":"scroll","background-type":"","background-media":"","overlay-type":"","overlay-color":"","overlay-opacity":"","overlay-gradient":""}},"footnotes":""},"class_list":["post-1630","page","type-page","status-publish","hentry"],"_links":{"self":[{"href":"https:\/\/otbpen.com\/it\/wp-json\/wp\/v2\/pages\/1630","targetHints":{"allow":["GET"]}}],"collection":[{"href":"https:\/\/otbpen.com\/it\/wp-json\/wp\/v2\/pages"}],"about":[{"href":"https:\/\/otbpen.com\/it\/wp-json\/wp\/v2\/types\/page"}],"author":[{"embeddable":true,"href":"https:\/\/otbpen.com\/it\/wp-json\/wp\/v2\/users\/1"}],"replies":[{"embeddable":true,"href":"https:\/\/otbpen.com\/it\/wp-json\/wp\/v2\/comments?post=1630"}],"version-history":[{"count":3,"href":"https:\/\/otbpen.com\/it\/wp-json\/wp\/v2\/pages\/1630\/revisions"}],"predecessor-version":[{"id":2221,"href":"https:\/\/otbpen.com\/it\/wp-json\/wp\/v2\/pages\/1630\/revisions\/2221"}],"wp:attachment":[{"href":"https:\/\/otbpen.com\/it\/wp-json\/wp\/v2\/media?parent=1630"}],"curies":[{"name":"wp","href":"https:\/\/api.w.org\/{rel}","templated":true}]}}