{"id":205,"date":"2022-07-08T18:48:19","date_gmt":"2022-07-08T21:48:19","guid":{"rendered":"https:\/\/otbpen.com\/loja\/?page_id=205"},"modified":"2022-07-08T19:04:22","modified_gmt":"2022-07-08T22:04:22","slug":"politica-de-privacidade","status":"publish","type":"page","link":"https:\/\/otbpen.com\/loja\/politica-de-privacidade\/","title":{"rendered":"Pol\u00edtica de Privacidade e Seguran\u00e7a"},"content":{"rendered":"\n<div style=\"height:50px\" aria-hidden=\"true\" class=\"wp-block-spacer\"><\/div>\n\n\n\n<h2 class=\"wp-block-heading\">Pol\u00edtica de Privacidade e Seguran\u00e7a<\/h2>\n\n\n\n<p>A OTB assume o compromisso com a privacidade e a seguran\u00e7a de seus clientes durante todo o processo de navega\u00e7\u00e3o e compra pelo site. As informa\u00e7\u00f5es coletadas no site s\u00e3o armazenadas em nosso banco de dados de forma sigilosa e em um ambiente totalmente seguro, preservando a privacidade de nossos clientes.<\/p>\n\n\n\n<p>Essas informa\u00e7\u00f5es ser\u00e3o utilizadas pela OTB com intuito de agilizar o processo de compra no site e personalizar o seu atendimento.<\/p>\n\n\n\n<p>Os dados cadastrais de nossos clientes n\u00e3o s\u00e3o divulgados, trocados ou vendidos para terceiros, exceto quando essas informa\u00e7\u00f5es s\u00e3o necess\u00e1rias para o processo de entrega, cobran\u00e7a, ou para participa\u00e7\u00e3o em promo\u00e7\u00f5es solicitadas pelos clientes.<\/p>\n\n\n\n<p>Para que estes dados permane\u00e7am intactos, n\u00e3o recomendamos a divulga\u00e7\u00e3o de sua senha a terceiros, mesmo a amigos e parentes.<\/p>\n\n\n\n<p>As altera\u00e7\u00f5es sobre nossa pol\u00edtica de privacidade ser\u00e3o devidamente informadas neste espa\u00e7o.<\/p>\n","protected":false},"excerpt":{"rendered":"<p>Pol\u00edtica de Privacidade e Seguran\u00e7a A OTB assume o compromisso com a privacidade e a seguran\u00e7a de seus clientes durante todo o processo de navega\u00e7\u00e3o e compra pelo site. As informa\u00e7\u00f5es coletadas no site s\u00e3o armazenadas em nosso banco de dados de forma sigilosa e em um ambiente totalmente seguro, preservando a privacidade de nossos&hellip;<\/p>\n","protected":false},"author":1,"featured_media":0,"parent":0,"menu_order":0,"comment_status":"closed","ping_status":"closed","template":"","meta":{"footnotes":""},"class_list":["post-205","page","type-page","status-publish","hentry"],"_links":{"self":[{"href":"https:\/\/otbpen.com\/loja\/wp-json\/wp\/v2\/pages\/205","targetHints":{"allow":["GET"]}}],"collection":[{"href":"https:\/\/otbpen.com\/loja\/wp-json\/wp\/v2\/pages"}],"about":[{"href":"https:\/\/otbpen.com\/loja\/wp-json\/wp\/v2\/types\/page"}],"author":[{"embeddable":true,"href":"https:\/\/otbpen.com\/loja\/wp-json\/wp\/v2\/users\/1"}],"replies":[{"embeddable":true,"href":"https:\/\/otbpen.com\/loja\/wp-json\/wp\/v2\/comments?post=205"}],"version-history":[{"count":2,"href":"https:\/\/otbpen.com\/loja\/wp-json\/wp\/v2\/pages\/205\/revisions"}],"predecessor-version":[{"id":217,"href":"https:\/\/otbpen.com\/loja\/wp-json\/wp\/v2\/pages\/205\/revisions\/217"}],"wp:attachment":[{"href":"https:\/\/otbpen.com\/loja\/wp-json\/wp\/v2\/media?parent=205"}],"curies":[{"name":"wp","href":"https:\/\/api.w.org\/{rel}","templated":true}]}}