{"id":207,"date":"2022-07-08T18:48:52","date_gmt":"2022-07-08T21:48:52","guid":{"rendered":"https:\/\/otbpen.com\/loja\/?page_id=207"},"modified":"2022-07-08T19:05:00","modified_gmt":"2022-07-08T22:05:00","slug":"condicoes-de-pagamento","status":"publish","type":"page","link":"https:\/\/otbpen.com\/loja\/condicoes-de-pagamento\/","title":{"rendered":"Formas \/ Condi\u00e7\u00f5es de Pagamento"},"content":{"rendered":"\n<div style=\"height:50px\" aria-hidden=\"true\" class=\"wp-block-spacer\"><\/div>\n\n\n\n<h2 class=\"wp-block-heading\">Formas \/ Condi\u00e7\u00f5es de Pagamento<\/h2>\n\n\n\n<p>Atualmente, o site da OTB trabalha com a op\u00e7\u00e3o de pagamento pelo sistema Mercado Pago, por ser uma das formas mais seguras para compras via internet.<\/p>\n\n\n\n<p>Atrav\u00e9s dele, voc\u00ea tem diversas op\u00e7\u00f5es de pagamento a sua disposi\u00e7\u00e3o, podendo escolher entre o boleto banc\u00e1rio, transfer\u00eancia banc\u00e1ria, cart\u00e3o de d\u00e9bito e cr\u00e9dito, sendo que \u00e9 oferecido ao cliente o parcelamento para v\u00e1rias bandeiras de cart\u00f5es de cr\u00e9dito (Visa, MasterCard, Elo, Auro, American Express, BrasilCard etc.).<\/p>\n\n\n\n<p>Suas compras podem ser parceladas, com ou sem juros, a depender do valor e quantidade de parcelas selecionadas.<\/p>\n","protected":false},"excerpt":{"rendered":"<p>Formas \/ Condi\u00e7\u00f5es de Pagamento Atualmente, o site da OTB trabalha com a op\u00e7\u00e3o de pagamento pelo sistema Mercado Pago, por ser uma das formas mais seguras para compras via internet. Atrav\u00e9s dele, voc\u00ea tem diversas op\u00e7\u00f5es de pagamento a sua disposi\u00e7\u00e3o, podendo escolher entre o boleto banc\u00e1rio, transfer\u00eancia banc\u00e1ria, cart\u00e3o de d\u00e9bito e cr\u00e9dito,&hellip;<\/p>\n","protected":false},"author":1,"featured_media":0,"parent":0,"menu_order":0,"comment_status":"closed","ping_status":"closed","template":"","meta":{"footnotes":""},"class_list":["post-207","page","type-page","status-publish","hentry"],"_links":{"self":[{"href":"https:\/\/otbpen.com\/loja\/wp-json\/wp\/v2\/pages\/207","targetHints":{"allow":["GET"]}}],"collection":[{"href":"https:\/\/otbpen.com\/loja\/wp-json\/wp\/v2\/pages"}],"about":[{"href":"https:\/\/otbpen.com\/loja\/wp-json\/wp\/v2\/types\/page"}],"author":[{"embeddable":true,"href":"https:\/\/otbpen.com\/loja\/wp-json\/wp\/v2\/users\/1"}],"replies":[{"embeddable":true,"href":"https:\/\/otbpen.com\/loja\/wp-json\/wp\/v2\/comments?post=207"}],"version-history":[{"count":2,"href":"https:\/\/otbpen.com\/loja\/wp-json\/wp\/v2\/pages\/207\/revisions"}],"predecessor-version":[{"id":218,"href":"https:\/\/otbpen.com\/loja\/wp-json\/wp\/v2\/pages\/207\/revisions\/218"}],"wp:attachment":[{"href":"https:\/\/otbpen.com\/loja\/wp-json\/wp\/v2\/media?parent=207"}],"curies":[{"name":"wp","href":"https:\/\/api.w.org\/{rel}","templated":true}]}}