{"id":1055,"date":"2024-07-04T14:25:26","date_gmt":"2024-07-04T17:25:26","guid":{"rendered":"https:\/\/otbpen.com\/loja\/?post_type=product&#038;p=1055"},"modified":"2024-07-15T15:21:27","modified_gmt":"2024-07-15T18:21:27","slug":"pincel-chato-cabo-natural","status":"publish","type":"product","link":"https:\/\/otbpen.com\/loja\/product\/componentes-em-geral\/pincel-chato-cabo-natural\/","title":{"rendered":"Pincel chato cabo natural (Cx c\/ 10un)"},"content":{"rendered":"<h4>Pincel Chato Cola com Cabo Natural (Caixa com 10 unidades)<\/h4>\n<p>Facilite sua aplica\u00e7\u00e3o de cola com o Pincel Chato Cola, projetado para proporcionar um manuseio excelente e preciso. Cada pincel possui cerdas firmes e resistentes, ideais para distribuir uniformemente a cola em diversas superf\u00edcies.<\/p>\n<p>Com cabo natural, proporciona conforto ao segurar e utilizar, garantindo uma aplica\u00e7\u00e3o eficiente e sem desperd\u00edcios. Ideal para uso profissional ou dom\u00e9stico, este conjunto de 10 unidades assegura durabilidade e desempenho superior em todas as suas tarefas de colagem. Prepare-se para resultados precisos e consistentes em cada aplica\u00e7\u00e3o.<\/p>\n","protected":false},"excerpt":{"rendered":"<p>Pincel Chato Cola com Cabo Natural (Caixa com 10 unidades) Facilite sua aplica\u00e7\u00e3o de cola com o Pincel Chato Cola, projetado para proporcionar um manuseio excelente e preciso. Cada pincel possui cerdas firmes e resistentes, ideais para distribuir uniformemente a cola em diversas superf\u00edcies. Com cabo natural, proporciona conforto ao segurar e utilizar, garantindo uma&hellip;<\/p>\n","protected":false},"featured_media":1067,"comment_status":"open","ping_status":"closed","template":"","meta":[],"product_cat":[22],"product_tag":[],"class_list":{"0":"post-1055","1":"product","2":"type-product","3":"status-publish","4":"has-post-thumbnail","6":"product_cat-componentes-em-geral","7":"pa_tamanho-51","8":"pa_tamanho-52","9":"pa_tamanho-53","10":"pa_tamanho-54","12":"first","13":"instock","14":"shipping-taxable","15":"purchasable","16":"product-type-variable","17":"has-default-attributes","18":"col-xs-6 col-sm-4","19":"col-md-3 col-lg-3","20":"un-4-cols"},"_links":{"self":[{"href":"https:\/\/otbpen.com\/loja\/wp-json\/wp\/v2\/product\/1055","targetHints":{"allow":["GET"]}}],"collection":[{"href":"https:\/\/otbpen.com\/loja\/wp-json\/wp\/v2\/product"}],"about":[{"href":"https:\/\/otbpen.com\/loja\/wp-json\/wp\/v2\/types\/product"}],"replies":[{"embeddable":true,"href":"https:\/\/otbpen.com\/loja\/wp-json\/wp\/v2\/comments?post=1055"}],"wp:featuredmedia":[{"embeddable":true,"href":"https:\/\/otbpen.com\/loja\/wp-json\/wp\/v2\/media\/1067"}],"wp:attachment":[{"href":"https:\/\/otbpen.com\/loja\/wp-json\/wp\/v2\/media?parent=1055"}],"wp:term":[{"taxonomy":"product_cat","embeddable":true,"href":"https:\/\/otbpen.com\/loja\/wp-json\/wp\/v2\/product_cat?post=1055"},{"taxonomy":"product_tag","embeddable":true,"href":"https:\/\/otbpen.com\/loja\/wp-json\/wp\/v2\/product_tag?post=1055"}],"curies":[{"name":"wp","href":"https:\/\/api.w.org\/{rel}","templated":true}]}}