{"id":1245,"date":"2024-08-30T14:53:50","date_gmt":"2024-08-30T17:53:50","guid":{"rendered":"https:\/\/otbpen.com\/loja\/?post_type=product&#038;p=1245"},"modified":"2024-09-04T17:17:37","modified_gmt":"2024-09-04T20:17:37","slug":"automotivo-basico","status":"publish","type":"product","link":"https:\/\/otbpen.com\/loja\/product\/kit\/automotivo-basico\/","title":{"rendered":"Kit automotivo &#8211; B\u00e1sico"},"content":{"rendered":"<p>A op\u00e7\u00e3o ideal para profissionais do setor automotivo que desejam iniciar os trabalhos com a tecnologia Invisible Pen.<\/p>\n<p>Dispositivo de ilumina\u00e7\u00e3o UV indicado para uso em mesas pequenas e no setor de costura. Risque o material com os marcadores UV da linha Invisible Pen e o led voltado para o material. Depois, vire o dispositivo para a m\u00e1quina de costura. O led 5047 se adapta \u00e0 diversas posi\u00e7\u00f5es, devendo ser instalado com o foco da luz voltado para a barra da agulha, proporcionando \u00f3tima visibilidade das marca\u00e7\u00f5es.<\/p>\n<p>Kit tecnol\u00f3gico composto por:<br \/>\n1un 5047 &#8211; Led Power Lumini UV\/White 4 fases<br \/>\n3un 1173 &#8211; Marcador UV com ponta de fibra macia e tinta vermelha<br \/>\n3un 1170 &#8211; Marcador UV com ponta de fibra macia e tinta azul<\/p>\n","protected":false},"excerpt":{"rendered":"<p>A op\u00e7\u00e3o ideal para profissionais do setor automotivo que desejam iniciar os trabalhos com a tecnologia Invisible Pen. Dispositivo de ilumina\u00e7\u00e3o UV indicado para uso em mesas pequenas e no setor de costura. Risque o material com os marcadores UV da linha Invisible Pen e o led voltado para o material. Depois, vire o dispositivo&hellip;<\/p>\n","protected":false},"featured_media":1255,"comment_status":"open","ping_status":"closed","template":"","meta":[],"product_cat":[95],"product_tag":[],"class_list":{"0":"post-1245","1":"product","2":"type-product","3":"status-publish","4":"has-post-thumbnail","6":"product_cat-kit","8":"first","9":"instock","10":"shipping-taxable","11":"purchasable","12":"product-type-simple","13":"col-xs-6 col-sm-4","14":"col-md-3 col-lg-3","15":"un-4-cols"},"_links":{"self":[{"href":"https:\/\/otbpen.com\/loja\/wp-json\/wp\/v2\/product\/1245","targetHints":{"allow":["GET"]}}],"collection":[{"href":"https:\/\/otbpen.com\/loja\/wp-json\/wp\/v2\/product"}],"about":[{"href":"https:\/\/otbpen.com\/loja\/wp-json\/wp\/v2\/types\/product"}],"replies":[{"embeddable":true,"href":"https:\/\/otbpen.com\/loja\/wp-json\/wp\/v2\/comments?post=1245"}],"wp:featuredmedia":[{"embeddable":true,"href":"https:\/\/otbpen.com\/loja\/wp-json\/wp\/v2\/media\/1255"}],"wp:attachment":[{"href":"https:\/\/otbpen.com\/loja\/wp-json\/wp\/v2\/media?parent=1245"}],"wp:term":[{"taxonomy":"product_cat","embeddable":true,"href":"https:\/\/otbpen.com\/loja\/wp-json\/wp\/v2\/product_cat?post=1245"},{"taxonomy":"product_tag","embeddable":true,"href":"https:\/\/otbpen.com\/loja\/wp-json\/wp\/v2\/product_tag?post=1245"}],"curies":[{"name":"wp","href":"https:\/\/api.w.org\/{rel}","templated":true}]}}