{"id":1248,"date":"2024-08-30T15:00:52","date_gmt":"2024-08-30T18:00:52","guid":{"rendered":"https:\/\/otbpen.com\/loja\/?post_type=product&#038;p=1248"},"modified":"2024-09-04T17:31:25","modified_gmt":"2024-09-04T20:31:25","slug":"automotivo-completo","status":"publish","type":"product","link":"https:\/\/otbpen.com\/loja\/product\/kit\/automotivo-completo\/","title":{"rendered":"Kit automotivo &#8211; Completo"},"content":{"rendered":"<p>A melhor op\u00e7\u00e3o para profissionais do setor automotivo que desejam implementar a tecnologia Invisible Pen na produ\u00e7\u00e3o.<\/p>\n<p>Esse kit conta com dois dispositivo de ilumina\u00e7\u00e3o UV: um flex\u00edvel, indicado para uso em mesas pequenas e no setor de costura; e uma lumin\u00e1ria de 1,20m &#8211; indicada para mesas grandes, onde o profissional pode riscar, marcar e cortar suas pe\u00e7as com espa\u00e7o e excelente visualiza\u00e7\u00e3o.<\/p>\n<p>Risque o material com os marcadores UV da linha Invisible Pen e o led voltado para o material. O led 5047 se adapta \u00e0 diversas posi\u00e7\u00f5es, devendo ser instalado com o foco da luz voltado para a barra da agulha, proporcionando \u00f3tima visibilidade das marca\u00e7\u00f5es.<\/p>\n<p>Kit tecnol\u00f3gico composto por:<br \/>\n1un 5047 &#8211; Led Power Lumini UV\/White 4 fases<br \/>\n1un 5108 &#8211; Lumin\u00e1ria flat 120cm<br \/>\n1un 5110 &#8211; Haste superior para lumin\u00e1ria flat<br \/>\n1un 5053 &#8211; Haste inferior base sargento<br \/>\n3un 1173 &#8211; Marcador UV com ponta de fibra macia e tinta vermelha<br \/>\n3un 1170 &#8211; Marcador UV com ponta de fibra macia e tinta azul<\/p>\n","protected":false},"excerpt":{"rendered":"<p>A melhor op\u00e7\u00e3o para profissionais do setor automotivo que desejam implementar a tecnologia Invisible Pen na produ\u00e7\u00e3o. Esse kit conta com dois dispositivo de ilumina\u00e7\u00e3o UV: um flex\u00edvel, indicado para uso em mesas pequenas e no setor de costura; e uma lumin\u00e1ria de 1,20m &#8211; indicada para mesas grandes, onde o profissional pode riscar, marcar&hellip;<\/p>\n","protected":false},"featured_media":1259,"comment_status":"open","ping_status":"closed","template":"","meta":[],"product_cat":[95],"product_tag":[],"class_list":{"0":"post-1248","1":"product","2":"type-product","3":"status-publish","4":"has-post-thumbnail","6":"product_cat-kit","8":"first","9":"instock","10":"shipping-taxable","11":"purchasable","12":"product-type-simple","13":"col-xs-6 col-sm-4","14":"col-md-3 col-lg-3","15":"un-4-cols"},"_links":{"self":[{"href":"https:\/\/otbpen.com\/loja\/wp-json\/wp\/v2\/product\/1248","targetHints":{"allow":["GET"]}}],"collection":[{"href":"https:\/\/otbpen.com\/loja\/wp-json\/wp\/v2\/product"}],"about":[{"href":"https:\/\/otbpen.com\/loja\/wp-json\/wp\/v2\/types\/product"}],"replies":[{"embeddable":true,"href":"https:\/\/otbpen.com\/loja\/wp-json\/wp\/v2\/comments?post=1248"}],"wp:featuredmedia":[{"embeddable":true,"href":"https:\/\/otbpen.com\/loja\/wp-json\/wp\/v2\/media\/1259"}],"wp:attachment":[{"href":"https:\/\/otbpen.com\/loja\/wp-json\/wp\/v2\/media?parent=1248"}],"wp:term":[{"taxonomy":"product_cat","embeddable":true,"href":"https:\/\/otbpen.com\/loja\/wp-json\/wp\/v2\/product_cat?post=1248"},{"taxonomy":"product_tag","embeddable":true,"href":"https:\/\/otbpen.com\/loja\/wp-json\/wp\/v2\/product_tag?post=1248"}],"curies":[{"name":"wp","href":"https:\/\/api.w.org\/{rel}","templated":true}]}}