{"id":165,"date":"2022-07-06T20:52:34","date_gmt":"2022-07-06T23:52:34","guid":{"rendered":"https:\/\/otbpen.com\/loja\/?post_type=product&#038;p=165"},"modified":"2026-01-20T09:04:02","modified_gmt":"2026-01-20T12:04:02","slug":"refil-auto-vanish-azul","status":"publish","type":"product","link":"https:\/\/otbpen.com\/loja\/product\/marcadores-temporarios\/refil-auto-vanish-azul\/","title":{"rendered":"Refil OTB Auto Vanish Azul 1150 (Cx c\/ 12un)"},"content":{"rendered":"<h4>Refil esferogr\u00e1fico desenvolvido com a tecnologia Auto Vanish OTB.<\/h4>\n<p>Indicado para marca\u00e7\u00f5es tempor\u00e1rias em couro, laminados, sint\u00e9ticos, PU, nylon e diversos outros materiais.<\/p>\n<p>A marca\u00e7\u00e3o se apagar\u00e1 sozinha. O per\u00edodo de demarca\u00e7\u00e3o \u00e9 vari\u00e1vel e depende da aplica\u00e7\u00e3o em cada substrato, podendo desaparecer em menos de uma hora ou demorar dias para ser eliminada por completo.<\/p>\n<p>Importante: \u00c9 recomendado fazer testes de prova nas aplica\u00e7\u00f5es desejadas antes de colocar em linha de produ\u00e7\u00e3o para identificar a melhor op\u00e7\u00e3o no material e ter certeza de que o tempo de vida \u00fatil da marca\u00e7\u00e3o atende a necessidade.<\/p>\n<p>A tecnologia Auto Vanish \u00e9 patenteada pela OTB e foi desenvolvida para que a tinta das canetas de demarca\u00e7\u00e3o seja tempor\u00e1ria.<\/p>\n<p>A marca\u00e7\u00e3o pode sumir em contato com \u00e1gua, vapor ou produtos \u00e0 base d\u2019agua. N\u00e3o assine cheques ou documentos. Em tecidos e lonas o per\u00edodo de durabilidade em horas \u00e9 maior.<\/p>\n<p>Para melhor efici\u00eancia conhe\u00e7a o sistema de demarca\u00e7\u00e3o Invisible Pen OTB.<\/p>\n<p><a href=\"https:\/\/otbpen.com\/auto-vanish-orientacoes-para-uso-dos-refis-esferograficos\/\">CLIQUE AQUI E CONFIRA AS ORIENTA\u00c7\u00d5ES PARA USO DOS REFIS ESFEROGR\u00c1FICOS AUTO VANISH.<\/a><\/p>\n<p><strong>Especifica\u00e7\u00f5es<\/strong><\/p>\n<p><strong>Componentes:<\/strong> Corpo, batoque, tampa, ponta e tinta<\/p>\n<p><strong>Composi\u00e7\u00e3o s\u00f3lida:<\/strong> 100% PP<\/p>\n<p><strong>Composi\u00e7\u00e3o l\u00edquida:<\/strong> L\u00edquido na cor azul e odor caracter\u00edstico; Solventes hidrox\u00edlicos; Densidade \u00e0 20\u00baC: 0,6215g\/cm3<\/p>\n<p><strong>Armazenamento:<\/strong> Evitar exposi\u00e7\u00e3o sob toda fonte de luz, chuva e temperaturas elevadas; Local ventilado e afastado de produtos qu\u00edmicos incompat\u00edveis, como agentes oxidantes fortes (cloratos, per\u00f3xidos e \u00e1cidos). Armazenar as caixas na posi\u00e7\u00e3o horizontal.<\/p>\n","protected":false},"excerpt":{"rendered":"<p>Refil esferogr\u00e1fico desenvolvido com a tecnologia Auto Vanish OTB. Indicado para marca\u00e7\u00f5es tempor\u00e1rias em couro, laminados, sint\u00e9ticos, PU, nylon e diversos outros materiais. A marca\u00e7\u00e3o se apagar\u00e1 sozinha. O per\u00edodo de demarca\u00e7\u00e3o \u00e9 vari\u00e1vel e depende da aplica\u00e7\u00e3o em cada substrato, podendo desaparecer em menos de uma hora ou demorar dias para ser eliminada por&hellip;<\/p>\n","protected":false},"featured_media":164,"comment_status":"open","ping_status":"closed","template":"","meta":[],"product_cat":[20],"product_tag":[],"class_list":{"0":"post-165","1":"product","2":"type-product","3":"status-publish","4":"has-post-thumbnail","6":"product_cat-marcadores-temporarios","8":"first","9":"instock","10":"shipping-taxable","11":"purchasable","12":"product-type-simple","13":"col-xs-6 col-sm-4","14":"col-md-3 col-lg-3","15":"un-4-cols"},"_links":{"self":[{"href":"https:\/\/otbpen.com\/loja\/wp-json\/wp\/v2\/product\/165","targetHints":{"allow":["GET"]}}],"collection":[{"href":"https:\/\/otbpen.com\/loja\/wp-json\/wp\/v2\/product"}],"about":[{"href":"https:\/\/otbpen.com\/loja\/wp-json\/wp\/v2\/types\/product"}],"replies":[{"embeddable":true,"href":"https:\/\/otbpen.com\/loja\/wp-json\/wp\/v2\/comments?post=165"}],"wp:featuredmedia":[{"embeddable":true,"href":"https:\/\/otbpen.com\/loja\/wp-json\/wp\/v2\/media\/164"}],"wp:attachment":[{"href":"https:\/\/otbpen.com\/loja\/wp-json\/wp\/v2\/media?parent=165"}],"wp:term":[{"taxonomy":"product_cat","embeddable":true,"href":"https:\/\/otbpen.com\/loja\/wp-json\/wp\/v2\/product_cat?post=165"},{"taxonomy":"product_tag","embeddable":true,"href":"https:\/\/otbpen.com\/loja\/wp-json\/wp\/v2\/product_tag?post=165"}],"curies":[{"name":"wp","href":"https:\/\/api.w.org\/{rel}","templated":true}]}}