{"id":177,"date":"2022-07-06T21:01:45","date_gmt":"2022-07-07T00:01:45","guid":{"rendered":"https:\/\/otbpen.com\/loja\/?post_type=product&#038;p=177"},"modified":"2026-01-20T09:10:45","modified_gmt":"2026-01-20T12:10:45","slug":"led-uv-com-18-leds-com-ima","status":"publish","type":"product","link":"https:\/\/otbpen.com\/loja\/product\/iluminacao-led-uv\/led-uv-com-18-leds-com-ima\/","title":{"rendered":"Led UV com 18 leds &#8211; bivolt com im\u00e3"},"content":{"rendered":"<h4>Circuito integrado, mais resistente<\/h4>\n<p>Haste ajust\u00e1vel<br \/>\nBase fixa<br \/>\nIm\u00e3 com regula\u00e7\u00e3o de \u00e2ngulo 90\u00ba<br \/>\nTecnologia LED desenvolvida pela OTB<br \/>\nVisualiza\u00e7\u00e3o superior<\/p>\n<p><em>Ideal para uso associado \u00e0 Invisible Pen.<\/em><\/p>\n<p><strong>Especifica\u00e7\u00f5es<\/strong><\/p>\n<p><strong>Pot\u00eancia: <\/strong>3w<br \/>\n<strong>Tens\u00e3o de entrada:<\/strong> 90\/240 VCA<br \/>\n<strong>Fator de pot\u00eancia:<\/strong> 1,8<br \/>\n<strong>L\u00e2mpada:<\/strong> Dicr\u00f3ica<br \/>\n<strong>Corrente de alimenta\u00e7\u00e3o:<\/strong> 127v = 0,039A &#8211; 220v = 0,02A<br \/>\n<strong>Quantidade de LED:<\/strong> 18 chips de LED<br \/>\n<strong>Temperatura da cor:<\/strong> 360-370nm<br \/>\n<strong>\u00c2ngulo de abertura:<\/strong> 90\u00ba<br \/>\n<strong>Lumin\u00e1ria:<\/strong> Corpo em pl\u00e1stico PTB<br \/>\n<strong>Comando eletr\u00f4nico:<\/strong> Chave 2 fun\u00e7\u00f5es Liga\/Desliga<br \/>\n<strong>Cor do material:<\/strong> Branco<\/p>\n<p><strong>Garantia<\/strong><\/p>\n<p>A garantia dos componentes eletr\u00f4nicos \u00e9 de 12 meses da data de emiss\u00e3o da Nota Fiscal.<br \/>\nEssa garantia n\u00e3o cobre interfer\u00eancias externas como problemas na rede de alimenta\u00e7\u00e3o, raios, etc.<\/p>\n","protected":false},"excerpt":{"rendered":"<p>Circuito integrado, mais resistente Haste ajust\u00e1vel Base fixa Im\u00e3 com regula\u00e7\u00e3o de \u00e2ngulo 90\u00ba Tecnologia LED desenvolvida pela OTB Visualiza\u00e7\u00e3o superior Ideal para uso associado \u00e0 Invisible Pen. Especifica\u00e7\u00f5es Pot\u00eancia: 3w Tens\u00e3o de entrada: 90\/240 VCA Fator de pot\u00eancia: 1,8 L\u00e2mpada: Dicr\u00f3ica Corrente de alimenta\u00e7\u00e3o: 127v = 0,039A &#8211; 220v = 0,02A Quantidade de LED:&hellip;<\/p>\n","protected":false},"featured_media":178,"comment_status":"open","ping_status":"closed","template":"","meta":[],"product_cat":[18],"product_tag":[],"class_list":{"0":"post-177","1":"product","2":"type-product","3":"status-publish","4":"has-post-thumbnail","6":"product_cat-iluminacao-led-uv","8":"first","9":"instock","10":"shipping-taxable","11":"purchasable","12":"product-type-simple","13":"col-xs-6 col-sm-4","14":"col-md-3 col-lg-3","15":"un-4-cols"},"_links":{"self":[{"href":"https:\/\/otbpen.com\/loja\/wp-json\/wp\/v2\/product\/177","targetHints":{"allow":["GET"]}}],"collection":[{"href":"https:\/\/otbpen.com\/loja\/wp-json\/wp\/v2\/product"}],"about":[{"href":"https:\/\/otbpen.com\/loja\/wp-json\/wp\/v2\/types\/product"}],"replies":[{"embeddable":true,"href":"https:\/\/otbpen.com\/loja\/wp-json\/wp\/v2\/comments?post=177"}],"wp:featuredmedia":[{"embeddable":true,"href":"https:\/\/otbpen.com\/loja\/wp-json\/wp\/v2\/media\/178"}],"wp:attachment":[{"href":"https:\/\/otbpen.com\/loja\/wp-json\/wp\/v2\/media?parent=177"}],"wp:term":[{"taxonomy":"product_cat","embeddable":true,"href":"https:\/\/otbpen.com\/loja\/wp-json\/wp\/v2\/product_cat?post=177"},{"taxonomy":"product_tag","embeddable":true,"href":"https:\/\/otbpen.com\/loja\/wp-json\/wp\/v2\/product_tag?post=177"}],"curies":[{"name":"wp","href":"https:\/\/api.w.org\/{rel}","templated":true}]}}