{"id":182,"date":"2022-07-06T21:11:01","date_gmt":"2022-07-07T00:11:01","guid":{"rendered":"https:\/\/otbpen.com\/loja\/?post_type=product&#038;p=182"},"modified":"2026-01-20T09:10:17","modified_gmt":"2026-01-20T12:10:17","slug":"lanterna-safety-led-uv-e-branco","status":"publish","type":"product","link":"https:\/\/otbpen.com\/loja\/product\/iluminacao-led-uv\/lanterna-safety-led-uv-e-branco\/","title":{"rendered":"Lanterna Safety &#8211; Led UV e branco"},"content":{"rendered":"<h4>Lanterna UV OTB: praticidade, versatilidade e produtividade em um \u00fanico dispositivo.<\/h4>\n<p><strong>Especifica\u00e7\u00f5es<\/strong><\/p>\n<p><strong>Pot\u00eancia: <\/strong>1W<br \/>\n<strong>Alcance de frequ\u00eancia:<\/strong> 50\/60Hz<br \/>\n<strong>Fator de pot\u00eancia:<\/strong> 0.9<br \/>\nQuantidade de Leds: 02 pe\u00e7as de Led<br \/>\n1 led UV Power Lumini<br \/>\n1 led luz Branca<br \/>\nAlum\u00ednio extrudado anodizado.<br \/>\n<strong>Grau de IP:<\/strong> 20<br \/>\n<strong>Temperatura de trabalho:<\/strong> -20 &#8211; 50\u00b0C<br \/>\nFunciona com uma unidade de Pilha AA<\/p>\n<p><strong>Garantia<\/strong><\/p>\n<p>A garantia dos componentes eletr\u00f4nicos \u00e9 de 12 meses da data de emiss\u00e3o da Nota Fiscal.<br \/>\nEssa garantia n\u00e3o cobre interfer\u00eancias externas como problemas na rede de alimenta\u00e7\u00e3o, raios, etc.<\/p>\n<p>&nbsp;<\/p>\n<p><img decoding=\"async\" class=\"aligncenter wp-image-277 size-full\" src=\"https:\/\/otbpen.com\/loja\/wp-content\/uploads\/2022\/07\/Lanterna.jpg\" alt=\"\" width=\"1080\" height=\"1920\" srcset=\"https:\/\/otbpen.com\/loja\/wp-content\/uploads\/2022\/07\/Lanterna.jpg 1080w, https:\/\/otbpen.com\/loja\/wp-content\/uploads\/2022\/07\/Lanterna-169x300.jpg 169w, https:\/\/otbpen.com\/loja\/wp-content\/uploads\/2022\/07\/Lanterna-576x1024.jpg 576w, https:\/\/otbpen.com\/loja\/wp-content\/uploads\/2022\/07\/Lanterna-768x1365.jpg 768w, https:\/\/otbpen.com\/loja\/wp-content\/uploads\/2022\/07\/Lanterna-864x1536.jpg 864w, https:\/\/otbpen.com\/loja\/wp-content\/uploads\/2022\/07\/Lanterna-331x588.jpg 331w, https:\/\/otbpen.com\/loja\/wp-content\/uploads\/2022\/07\/Lanterna-600x1067.jpg 600w\" sizes=\"(max-width: 1080px) 100vw, 1080px\" \/><\/p>\n","protected":false},"excerpt":{"rendered":"<p>Lanterna UV OTB: praticidade, versatilidade e produtividade em um \u00fanico dispositivo. Especifica\u00e7\u00f5es Pot\u00eancia: 1W Alcance de frequ\u00eancia: 50\/60Hz Fator de pot\u00eancia: 0.9 Quantidade de Leds: 02 pe\u00e7as de Led 1 led UV Power Lumini 1 led luz Branca Alum\u00ednio extrudado anodizado. Grau de IP: 20 Temperatura de trabalho: -20 &#8211; 50\u00b0C Funciona com uma unidade&hellip;<\/p>\n","protected":false},"featured_media":189,"comment_status":"open","ping_status":"closed","template":"","meta":[],"product_cat":[18],"product_tag":[],"class_list":{"0":"post-182","1":"product","2":"type-product","3":"status-publish","4":"has-post-thumbnail","6":"product_cat-iluminacao-led-uv","8":"first","9":"instock","10":"shipping-taxable","11":"purchasable","12":"product-type-simple","13":"col-xs-6 col-sm-4","14":"col-md-3 col-lg-3","15":"un-4-cols"},"_links":{"self":[{"href":"https:\/\/otbpen.com\/loja\/wp-json\/wp\/v2\/product\/182","targetHints":{"allow":["GET"]}}],"collection":[{"href":"https:\/\/otbpen.com\/loja\/wp-json\/wp\/v2\/product"}],"about":[{"href":"https:\/\/otbpen.com\/loja\/wp-json\/wp\/v2\/types\/product"}],"replies":[{"embeddable":true,"href":"https:\/\/otbpen.com\/loja\/wp-json\/wp\/v2\/comments?post=182"}],"wp:featuredmedia":[{"embeddable":true,"href":"https:\/\/otbpen.com\/loja\/wp-json\/wp\/v2\/media\/189"}],"wp:attachment":[{"href":"https:\/\/otbpen.com\/loja\/wp-json\/wp\/v2\/media?parent=182"}],"wp:term":[{"taxonomy":"product_cat","embeddable":true,"href":"https:\/\/otbpen.com\/loja\/wp-json\/wp\/v2\/product_cat?post=182"},{"taxonomy":"product_tag","embeddable":true,"href":"https:\/\/otbpen.com\/loja\/wp-json\/wp\/v2\/product_tag?post=182"}],"curies":[{"name":"wp","href":"https:\/\/api.w.org\/{rel}","templated":true}]}}