{"id":199,"date":"2022-07-07T21:30:42","date_gmt":"2022-07-08T00:30:42","guid":{"rendered":"https:\/\/otbpen.com\/loja\/?post_type=product&#038;p=199"},"modified":"2026-01-20T09:07:35","modified_gmt":"2026-01-20T12:07:35","slug":"lampada-led-uv-18w-120cm","status":"publish","type":"product","link":"https:\/\/otbpen.com\/loja\/product\/iluminacao-led-uv\/lampada-led-uv-18w-120cm\/","title":{"rendered":"L\u00e2mpada led UV 18w bivolt 120cm T-8"},"content":{"rendered":"<h4>L\u00e2mpada led UV tubular de 120cm<\/h4>\n<p><strong>25 mil horas de vida \u00fatil<\/strong><\/p>\n<p>A OTB comercializa l\u00e2mpadas de led UV em diversos tamanhos para melhor se adequar ao layout da sua ind\u00fastria.<\/p>\n<p><strong><a href=\"https:\/\/otbpen.com\/loja\/iluminacao-led-uv\/\">Clique aqui e conhe\u00e7a todos os dispositivos de led UV da OTB.<\/a><\/strong><\/p>\n<p><strong>Especifica\u00e7\u00f5es<\/strong><\/p>\n<p><strong>Pot\u00eancia: <\/strong>18w<br \/>\n96 chips de led<br \/>\n<strong>Tens\u00e3o el\u00e9trica:<\/strong> Bivolt 110-240V<br \/>\n<strong>Temperatura da cor:<\/strong> 360-370nm<br \/>\n<strong>\u00c2ngulo de abertura:<\/strong> 180\u00ba<br \/>\n<strong>Peso:<\/strong> 0,270kg<br \/>\n<strong>Vida \u00fatil nominal:<\/strong> 25.000h (L70)<\/p>\n<p><strong>Garantia<\/strong><\/p>\n<p>A garantia dos componentes eletr\u00f4nicos \u00e9 de 12 meses da data de emiss\u00e3o da Nota Fiscal.<\/p>\n<p>Essa garantia n\u00e3o cobre interfer\u00eancias externas como problemas na rede de alimenta\u00e7\u00e3o, raios, etc.<\/p>\n","protected":false},"excerpt":{"rendered":"<p>L\u00e2mpada led UV tubular de 120cm 25 mil horas de vida \u00fatil A OTB comercializa l\u00e2mpadas de led UV em diversos tamanhos para melhor se adequar ao layout da sua ind\u00fastria. Clique aqui e conhe\u00e7a todos os dispositivos de led UV da OTB. Especifica\u00e7\u00f5es Pot\u00eancia: 18w 96 chips de led Tens\u00e3o el\u00e9trica: Bivolt 110-240V Temperatura&hellip;<\/p>\n","protected":false},"featured_media":200,"comment_status":"open","ping_status":"closed","template":"","meta":[],"product_cat":[18],"product_tag":[],"class_list":{"0":"post-199","1":"product","2":"type-product","3":"status-publish","4":"has-post-thumbnail","6":"product_cat-iluminacao-led-uv","8":"first","9":"instock","10":"shipping-taxable","11":"purchasable","12":"product-type-simple","13":"col-xs-6 col-sm-4","14":"col-md-3 col-lg-3","15":"un-4-cols"},"_links":{"self":[{"href":"https:\/\/otbpen.com\/loja\/wp-json\/wp\/v2\/product\/199","targetHints":{"allow":["GET"]}}],"collection":[{"href":"https:\/\/otbpen.com\/loja\/wp-json\/wp\/v2\/product"}],"about":[{"href":"https:\/\/otbpen.com\/loja\/wp-json\/wp\/v2\/types\/product"}],"replies":[{"embeddable":true,"href":"https:\/\/otbpen.com\/loja\/wp-json\/wp\/v2\/comments?post=199"}],"wp:featuredmedia":[{"embeddable":true,"href":"https:\/\/otbpen.com\/loja\/wp-json\/wp\/v2\/media\/200"}],"wp:attachment":[{"href":"https:\/\/otbpen.com\/loja\/wp-json\/wp\/v2\/media?parent=199"}],"wp:term":[{"taxonomy":"product_cat","embeddable":true,"href":"https:\/\/otbpen.com\/loja\/wp-json\/wp\/v2\/product_cat?post=199"},{"taxonomy":"product_tag","embeddable":true,"href":"https:\/\/otbpen.com\/loja\/wp-json\/wp\/v2\/product_tag?post=199"}],"curies":[{"name":"wp","href":"https:\/\/api.w.org\/{rel}","templated":true}]}}