{"id":227,"date":"2022-07-09T21:21:16","date_gmt":"2022-07-10T00:21:16","guid":{"rendered":"https:\/\/otbpen.com\/loja\/?post_type=product&#038;p=227"},"modified":"2026-01-20T08:44:21","modified_gmt":"2026-01-20T11:44:21","slug":"write-with-clean-deletes","status":"publish","type":"product","link":"https:\/\/otbpen.com\/loja\/product\/marcadores-convencionais\/write-with-clean-deletes\/","title":{"rendered":"Caneta OTB Write with Clean Deletes (Cx c\/ 12un)"},"content":{"rendered":"<h4>Caneta de marca\u00e7\u00e3o convencional de cor branca para material de superf\u00edcie lisa.<\/h4>\n<p>Necessita de a\u00e7\u00e3o mec\u00e2nica para remover a marca\u00e7\u00e3o.<\/p>\n<p><strong>Especifica\u00e7\u00f5es<\/strong><\/p>\n<p><strong>Componentes:<\/strong> Corpo, batoque, ponta, tampa, feltro e l\u00edquido.<\/p>\n<p><strong>Composi\u00e7\u00e3o s\u00f3lida:<\/strong> .<\/p>\n<p><strong>Composi\u00e7\u00e3o l\u00edquida:<\/strong> L\u00edquido incolor e odor caracter\u00edstico<\/p>\n<p><strong>Armazenamento:<\/strong> Evitar exposi\u00e7\u00e3o sob toda fonte de luz, chuva e temperaturas elevadas; Local ventilado e afastado de produtos qu\u00edmicos incompat\u00edveis, como agentes oxidantes fortes (cloratos, per\u00f3xidos e \u00e1cidos). Armazenar as caixas na posi\u00e7\u00e3o horizontal.<\/p>\n","protected":false},"excerpt":{"rendered":"<p>Caneta de marca\u00e7\u00e3o convencional de cor branca para material de superf\u00edcie lisa. Necessita de a\u00e7\u00e3o mec\u00e2nica para remover a marca\u00e7\u00e3o. Especifica\u00e7\u00f5es Componentes: Corpo, batoque, ponta, tampa, feltro e l\u00edquido. Composi\u00e7\u00e3o s\u00f3lida: . Composi\u00e7\u00e3o l\u00edquida: L\u00edquido incolor e odor caracter\u00edstico Armazenamento: Evitar exposi\u00e7\u00e3o sob toda fonte de luz, chuva e temperaturas elevadas; Local ventilado e afastado&hellip;<\/p>\n","protected":false},"featured_media":654,"comment_status":"open","ping_status":"closed","template":"","meta":[],"product_cat":[21],"product_tag":[],"class_list":{"0":"post-227","1":"product","2":"type-product","3":"status-publish","4":"has-post-thumbnail","6":"product_cat-marcadores-convencionais","8":"first","9":"instock","10":"shipping-taxable","11":"purchasable","12":"product-type-simple","13":"col-xs-6 col-sm-4","14":"col-md-3 col-lg-3","15":"un-4-cols"},"_links":{"self":[{"href":"https:\/\/otbpen.com\/loja\/wp-json\/wp\/v2\/product\/227","targetHints":{"allow":["GET"]}}],"collection":[{"href":"https:\/\/otbpen.com\/loja\/wp-json\/wp\/v2\/product"}],"about":[{"href":"https:\/\/otbpen.com\/loja\/wp-json\/wp\/v2\/types\/product"}],"replies":[{"embeddable":true,"href":"https:\/\/otbpen.com\/loja\/wp-json\/wp\/v2\/comments?post=227"}],"wp:featuredmedia":[{"embeddable":true,"href":"https:\/\/otbpen.com\/loja\/wp-json\/wp\/v2\/media\/654"}],"wp:attachment":[{"href":"https:\/\/otbpen.com\/loja\/wp-json\/wp\/v2\/media?parent=227"}],"wp:term":[{"taxonomy":"product_cat","embeddable":true,"href":"https:\/\/otbpen.com\/loja\/wp-json\/wp\/v2\/product_cat?post=227"},{"taxonomy":"product_tag","embeddable":true,"href":"https:\/\/otbpen.com\/loja\/wp-json\/wp\/v2\/product_tag?post=227"}],"curies":[{"name":"wp","href":"https:\/\/api.w.org\/{rel}","templated":true}]}}