{"id":239,"date":"2022-07-10T20:02:45","date_gmt":"2022-07-10T23:02:45","guid":{"rendered":"https:\/\/otbpen.com\/loja\/?post_type=product&#038;p=239"},"modified":"2026-01-20T08:40:23","modified_gmt":"2026-01-20T11:40:23","slug":"refil-gel-prata","status":"publish","type":"product","link":"https:\/\/otbpen.com\/loja\/product\/marcadores-convencionais\/refil-gel-prata\/","title":{"rendered":"Refil Demarcador Gel Prata OTB (Cx c\/ 50un)"},"content":{"rendered":"<h4>Refil met\u00e1lico marca couro.<\/h4>\n<p>Caneta prata gel de marca\u00e7\u00e3o convencional.<\/p>\n<p>Risca diversos tipos de materiais de forma permanente ap\u00f3s a aplica\u00e7\u00e3o.<\/p>\n<p>A caneta gel possibilita a marca\u00e7\u00e3o em materiais mais dif\u00edceis, principalmente couros oleosos, pois a tinta conta com mais fluidez. Essa marca\u00e7\u00e3o deixa res\u00edduos que devem ser removidos no final do processo de produ\u00e7\u00e3o para melhor qualidade do produto.<\/p>\n<p>Utilizar o refil na posi\u00e7\u00e3o vertical para marcar as \u00e1reas desejadas.<\/p>\n<p>Importante: \u00c9 recomendado fazer testes de prova nas aplica\u00e7\u00f5es desejadas antes de colocar em linha de produ\u00e7\u00e3o.<\/p>\n<p><a href=\"https:\/\/otbpen.com\/invisible-pen\/\"><strong>Para melhor efici\u00eancia conhe\u00e7a o sistema de demarca\u00e7\u00e3o Invisible Pen OTB.<\/strong><\/a><\/p>\n<p><strong>Especifica\u00e7\u00f5es<\/strong><\/p>\n<p><strong>Componentes:<\/strong> Corpo, adaptador, tampa, ponta met\u00e1lica e tinta<\/p>\n<p><strong>Composi\u00e7\u00e3o s\u00f3lida:<\/strong> 100% PP e ponta met\u00e1lica<\/p>\n<p><strong>Composi\u00e7\u00e3o l\u00edquida: <\/strong>L\u00edquido prateado e de odor caracter\u00edstico; Densidade \u00e0 20\u00baC: 1,167 g\/cm3<\/p>\n<p><strong>Armazenamento:<\/strong> Evitar exposi\u00e7\u00e3o sob toda fonte de luz, chuva e temperaturas elevadas; Local ventilado e afastado de produtos qu\u00edmicos incompat\u00edveis, como agentes oxidantes fortes (cloratos, per\u00f3xidos e \u00e1cidos). Armazenar as caixas na posi\u00e7\u00e3o horizontal.<\/p>\n","protected":false},"excerpt":{"rendered":"<p>Refil met\u00e1lico marca couro. Caneta prata gel de marca\u00e7\u00e3o convencional. Risca diversos tipos de materiais de forma permanente ap\u00f3s a aplica\u00e7\u00e3o. A caneta gel possibilita a marca\u00e7\u00e3o em materiais mais dif\u00edceis, principalmente couros oleosos, pois a tinta conta com mais fluidez. Essa marca\u00e7\u00e3o deixa res\u00edduos que devem ser removidos no final do processo de produ\u00e7\u00e3o&hellip;<\/p>\n","protected":false},"featured_media":240,"comment_status":"open","ping_status":"closed","template":"","meta":[],"product_cat":[21],"product_tag":[],"class_list":{"0":"post-239","1":"product","2":"type-product","3":"status-publish","4":"has-post-thumbnail","6":"product_cat-marcadores-convencionais","8":"first","9":"instock","10":"shipping-taxable","11":"purchasable","12":"product-type-simple","13":"col-xs-6 col-sm-4","14":"col-md-3 col-lg-3","15":"un-4-cols"},"_links":{"self":[{"href":"https:\/\/otbpen.com\/loja\/wp-json\/wp\/v2\/product\/239","targetHints":{"allow":["GET"]}}],"collection":[{"href":"https:\/\/otbpen.com\/loja\/wp-json\/wp\/v2\/product"}],"about":[{"href":"https:\/\/otbpen.com\/loja\/wp-json\/wp\/v2\/types\/product"}],"replies":[{"embeddable":true,"href":"https:\/\/otbpen.com\/loja\/wp-json\/wp\/v2\/comments?post=239"}],"wp:featuredmedia":[{"embeddable":true,"href":"https:\/\/otbpen.com\/loja\/wp-json\/wp\/v2\/media\/240"}],"wp:attachment":[{"href":"https:\/\/otbpen.com\/loja\/wp-json\/wp\/v2\/media?parent=239"}],"wp:term":[{"taxonomy":"product_cat","embeddable":true,"href":"https:\/\/otbpen.com\/loja\/wp-json\/wp\/v2\/product_cat?post=239"},{"taxonomy":"product_tag","embeddable":true,"href":"https:\/\/otbpen.com\/loja\/wp-json\/wp\/v2\/product_tag?post=239"}],"curies":[{"name":"wp","href":"https:\/\/api.w.org\/{rel}","templated":true}]}}