{"id":273,"date":"2022-07-10T23:10:11","date_gmt":"2022-07-11T02:10:11","guid":{"rendered":"https:\/\/otbpen.com\/loja\/?post_type=product&#038;p=273"},"modified":"2026-01-20T08:49:12","modified_gmt":"2026-01-20T11:49:12","slug":"caneta-fio","status":"publish","type":"product","link":"https:\/\/otbpen.com\/loja\/product\/marcadores-convencionais\/caneta-fio\/","title":{"rendered":"Caneta OTB para acabamento a fio (Cx c\/ 6un)"},"content":{"rendered":"<h4>Caneta utilizada para pintura a fio, acabamento de materiais, pintura de borda e pequenas corre\u00e7\u00f5es em couros ou laminados sint\u00e9ticos.<\/h4>\n<p><strong>11 op\u00e7\u00f5es de cores!<\/strong><\/p>\n<p>Ponta acr\u00edlica branca<\/p>\n<p>Pigmento com alto poder de fixa\u00e7\u00e3o e r\u00e1pida secagem quando aplicado em substratos indicados.<\/p>\n<p>Aten\u00e7\u00e3o: Este marcador n\u00e3o \u00e9 indicado para pinturas de solados, canaletas modeladoras de solados em suas diversas composi\u00e7\u00f5es, borracha, TR, PVC, micro expandido, entre outros.<\/p>\n<p>A pigmenta\u00e7\u00e3o pode sair devido aos compostos dos solados e com a for\u00e7a de atrito em uso do cal\u00e7ado.<\/p>\n<p>Importante: \u00c9 recomendado fazer testes de prova nas aplica\u00e7\u00f5es desejadas antes de colocar em linha de produ\u00e7\u00e3o. Pode ocorrer altera\u00e7\u00e3o de cor devido ao material de aplica\u00e7\u00e3o.<\/p>\n<p><strong>Especifica\u00e7\u00f5es<\/strong><\/p>\n<p><strong>Componentes:<\/strong> Corpo, batoque, tampa, ponta acr\u00edlica, feltro e tinta<\/p>\n<p><strong>Composi\u00e7\u00e3o s\u00f3lida:<\/strong> 100% PP<\/p>\n<p><strong>Composi\u00e7\u00e3o l\u00edquida:<\/strong> L\u00edquido com cores diversas e odor caracter\u00edstico, solventes hidrox\u00edlicos. Densidade \u00e0 20\u00baC: 0,949492g\/cm\u00b3<\/p>\n<p><strong>Armazenamento:<\/strong> Evitar exposi\u00e7\u00e3o sob toda fonte de luz, chuva e temperaturas elevadas; Local ventilado e afastado de produtos qu\u00edmicos incompat\u00edveis, como agentes oxidantes fortes (cloratos, per\u00f3xidos e \u00e1cidos). Armazenar as caixas na posi\u00e7\u00e3o horizontal.<\/p>\n","protected":false},"excerpt":{"rendered":"<p>Caneta utilizada para pintura a fio, acabamento de materiais, pintura de borda e pequenas corre\u00e7\u00f5es em couros ou laminados sint\u00e9ticos. 11 op\u00e7\u00f5es de cores! Ponta acr\u00edlica branca Pigmento com alto poder de fixa\u00e7\u00e3o e r\u00e1pida secagem quando aplicado em substratos indicados. Aten\u00e7\u00e3o: Este marcador n\u00e3o \u00e9 indicado para pinturas de solados, canaletas modeladoras de solados&hellip;<\/p>\n","protected":false},"featured_media":0,"comment_status":"open","ping_status":"closed","template":"","meta":[],"product_cat":[21],"product_tag":[],"class_list":{"0":"post-273","1":"product","2":"type-product","3":"status-publish","5":"product_cat-marcadores-convencionais","7":"first","8":"instock","9":"shipping-taxable","10":"purchasable","11":"product-type-variable","12":"col-xs-6 col-sm-4","13":"col-md-3 col-lg-3","14":"un-4-cols"},"_links":{"self":[{"href":"https:\/\/otbpen.com\/loja\/wp-json\/wp\/v2\/product\/273","targetHints":{"allow":["GET"]}}],"collection":[{"href":"https:\/\/otbpen.com\/loja\/wp-json\/wp\/v2\/product"}],"about":[{"href":"https:\/\/otbpen.com\/loja\/wp-json\/wp\/v2\/types\/product"}],"replies":[{"embeddable":true,"href":"https:\/\/otbpen.com\/loja\/wp-json\/wp\/v2\/comments?post=273"}],"wp:attachment":[{"href":"https:\/\/otbpen.com\/loja\/wp-json\/wp\/v2\/media?parent=273"}],"wp:term":[{"taxonomy":"product_cat","embeddable":true,"href":"https:\/\/otbpen.com\/loja\/wp-json\/wp\/v2\/product_cat?post=273"},{"taxonomy":"product_tag","embeddable":true,"href":"https:\/\/otbpen.com\/loja\/wp-json\/wp\/v2\/product_tag?post=273"}],"curies":[{"name":"wp","href":"https:\/\/api.w.org\/{rel}","templated":true}]}}