{"id":317,"date":"2022-07-11T20:13:38","date_gmt":"2022-07-11T23:13:38","guid":{"rendered":"https:\/\/otbpen.com\/loja\/?post_type=product&#038;p=317"},"modified":"2024-07-15T15:56:13","modified_gmt":"2024-07-15T18:56:13","slug":"pincel-fio","status":"publish","type":"product","link":"https:\/\/otbpen.com\/loja\/product\/componentes-em-geral\/pincel-fio\/","title":{"rendered":"Pincel OTB para acabamento a fio"},"content":{"rendered":"<h4>Pincel OTB para acabamento a fio<\/h4>\n<p><strong>Caneta utilizada para pintura a fio, acabamento de materiais, pintura de borda e pequenas corre\u00e7\u00f5es em couros ou laminados sint\u00e9ticos.<\/strong><\/p>\n<p><strong>10 op\u00e7\u00f5es de cores!<\/strong><\/p>\n<p>Ponta acr\u00edlica branca<\/p>\n<p>Pigmento com alto poder de fixa\u00e7\u00e3o e r\u00e1pida secagem quando aplicado em substratos indicados.<\/p>\n<p>Aten\u00e7\u00e3o: Este marcador n\u00e3o \u00e9 indicado para pinturas de solados, canaletas modeladoras de solados em suas diversas composi\u00e7\u00f5es, borracha, TR, PVC, micro expandido, entre outros.<\/p>\n<p>A pigmenta\u00e7\u00e3o pode sair devido aos compostos dos solados e com a for\u00e7a de atrito em uso do cal\u00e7ado.<\/p>\n<p>Importante: \u00c9 recomendado fazer testes de prova nas aplica\u00e7\u00f5es desejadas antes de colocar em linha de produ\u00e7\u00e3o. Pode ocorrer altera\u00e7\u00e3o de cor devido ao material de aplica\u00e7\u00e3o.<\/p>\n<p><strong>Especifica\u00e7\u00f5es<\/strong><\/p>\n<p><strong>Componentes:<\/strong> Corpo, batoque, tampa, ponta acr\u00edlica, feltro e tinta<\/p>\n<p><strong>Composi\u00e7\u00e3o s\u00f3lida:<\/strong> 100% PP<\/p>\n<p><strong>Composi\u00e7\u00e3o l\u00edquida:<\/strong> L\u00edquido com cores diversas e odor caracter\u00edstico, solventes hidrox\u00edlicos. Densidade \u00e0 20\u00baC: 0,949492g\/cm\u00b3<\/p>\n<p><strong>Armazenamento:<\/strong> Evitar exposi\u00e7\u00e3o sob toda fonte de luz, chuva e temperaturas elevadas; Local ventilado e afastado de produtos qu\u00edmicos incompat\u00edveis, como agentes oxidantes fortes (cloratos, per\u00f3xidos e \u00e1cidos). Armazenar as caixas na posi\u00e7\u00e3o horizontal.<\/p>\n","protected":false},"excerpt":{"rendered":"<p>Pincel OTB para acabamento a fio Caneta utilizada para pintura a fio, acabamento de materiais, pintura de borda e pequenas corre\u00e7\u00f5es em couros ou laminados sint\u00e9ticos. 10 op\u00e7\u00f5es de cores! Ponta acr\u00edlica branca Pigmento com alto poder de fixa\u00e7\u00e3o e r\u00e1pida secagem quando aplicado em substratos indicados. Aten\u00e7\u00e3o: Este marcador n\u00e3o \u00e9 indicado para pinturas&hellip;<\/p>\n","protected":false},"featured_media":653,"comment_status":"open","ping_status":"closed","template":"","meta":[],"product_cat":[22],"product_tag":[],"class_list":{"0":"post-317","1":"product","2":"type-product","3":"status-publish","4":"has-post-thumbnail","6":"product_cat-componentes-em-geral","8":"first","9":"instock","10":"shipping-taxable","11":"purchasable","12":"product-type-variable","13":"col-xs-6 col-sm-4","14":"col-md-3 col-lg-3","15":"un-4-cols"},"_links":{"self":[{"href":"https:\/\/otbpen.com\/loja\/wp-json\/wp\/v2\/product\/317","targetHints":{"allow":["GET"]}}],"collection":[{"href":"https:\/\/otbpen.com\/loja\/wp-json\/wp\/v2\/product"}],"about":[{"href":"https:\/\/otbpen.com\/loja\/wp-json\/wp\/v2\/types\/product"}],"replies":[{"embeddable":true,"href":"https:\/\/otbpen.com\/loja\/wp-json\/wp\/v2\/comments?post=317"}],"wp:featuredmedia":[{"embeddable":true,"href":"https:\/\/otbpen.com\/loja\/wp-json\/wp\/v2\/media\/653"}],"wp:attachment":[{"href":"https:\/\/otbpen.com\/loja\/wp-json\/wp\/v2\/media?parent=317"}],"wp:term":[{"taxonomy":"product_cat","embeddable":true,"href":"https:\/\/otbpen.com\/loja\/wp-json\/wp\/v2\/product_cat?post=317"},{"taxonomy":"product_tag","embeddable":true,"href":"https:\/\/otbpen.com\/loja\/wp-json\/wp\/v2\/product_tag?post=317"}],"curies":[{"name":"wp","href":"https:\/\/api.w.org\/{rel}","templated":true}]}}