{"id":353,"date":"2022-07-11T20:50:07","date_gmt":"2022-07-11T23:50:07","guid":{"rendered":"https:\/\/otbpen.com\/loja\/?post_type=product&#038;p=353"},"modified":"2025-06-01T18:20:50","modified_gmt":"2025-06-01T21:20:50","slug":"pincel-redondo","status":"publish","type":"product","link":"https:\/\/otbpen.com\/loja\/product\/componentes-em-geral\/pincel-redondo\/","title":{"rendered":"Pincel standard redondo para adesivo (Embalagem c\/ 10un)"},"content":{"rendered":"<h4><strong>Pincel standard redondo para adesivo (Embalagem com 10 unidades)<\/strong><\/h4>\n<p>Facilite seus projetos com os pinc\u00e9is OTB modelo standard redondos, perfeitos para aplica\u00e7\u00e3o de adesivos e colas. Com cerdas sint\u00e9ticas e formato redondo, esses pinc\u00e9is garantem uma distribui\u00e7\u00e3o uniforme do produto, proporcionando um acabamento profissional. Seu cabo curto de madeira oferece maior controle durante o uso, tornando a aplica\u00e7\u00e3o mais confort\u00e1vel e eficiente. Recomendados para adesivos \u00e0 base de solvente, esses pinc\u00e9is s\u00e3o essenciais para quem busca qualidade e praticidade em trabalhos de artesanato, produ\u00e7\u00e3o de cal\u00e7ados, acess\u00f3rios, marcenaria ou reparos.<\/p>\n<p><strong>Pincel standard para aplica\u00e7\u00e3o de adesivo \/ cola.<\/strong><br \/>\n<strong>Cerdas<\/strong>: redondas \/ sint\u00e9ticas<br \/>\n<strong>Cabo<\/strong> curto de madeira<br \/>\n<strong>Indica\u00e7\u00e3o de uso<\/strong>: adesivos base solvente<br \/>\nDispon\u00edvel nos tamanhos 12, 14, 16, 18, 20, 22 e 24<\/p>\n","protected":false},"excerpt":{"rendered":"<p>Pincel standard redondo para adesivo (Embalagem com 10 unidades) Facilite seus projetos com os pinc\u00e9is OTB modelo standard redondos, perfeitos para aplica\u00e7\u00e3o de adesivos e colas. Com cerdas sint\u00e9ticas e formato redondo, esses pinc\u00e9is garantem uma distribui\u00e7\u00e3o uniforme do produto, proporcionando um acabamento profissional. Seu cabo curto de madeira oferece maior controle durante o uso,&hellip;<\/p>\n","protected":false},"featured_media":389,"comment_status":"open","ping_status":"closed","template":"","meta":[],"product_cat":[22],"product_tag":[],"class_list":{"0":"post-353","1":"product","2":"type-product","3":"status-publish","4":"has-post-thumbnail","6":"product_cat-componentes-em-geral","7":"pa_tamanho-49","8":"pa_tamanho-50","9":"pa_tamanho-51","10":"pa_tamanho-52","11":"pa_tamanho-53","12":"pa_tamanho-54","13":"pa_tamanho-55","15":"first","16":"instock","17":"shipping-taxable","18":"purchasable","19":"product-type-variable","20":"col-xs-6 col-sm-4","21":"col-md-3 col-lg-3","22":"un-4-cols"},"_links":{"self":[{"href":"https:\/\/otbpen.com\/loja\/wp-json\/wp\/v2\/product\/353","targetHints":{"allow":["GET"]}}],"collection":[{"href":"https:\/\/otbpen.com\/loja\/wp-json\/wp\/v2\/product"}],"about":[{"href":"https:\/\/otbpen.com\/loja\/wp-json\/wp\/v2\/types\/product"}],"replies":[{"embeddable":true,"href":"https:\/\/otbpen.com\/loja\/wp-json\/wp\/v2\/comments?post=353"}],"wp:featuredmedia":[{"embeddable":true,"href":"https:\/\/otbpen.com\/loja\/wp-json\/wp\/v2\/media\/389"}],"wp:attachment":[{"href":"https:\/\/otbpen.com\/loja\/wp-json\/wp\/v2\/media?parent=353"}],"wp:term":[{"taxonomy":"product_cat","embeddable":true,"href":"https:\/\/otbpen.com\/loja\/wp-json\/wp\/v2\/product_cat?post=353"},{"taxonomy":"product_tag","embeddable":true,"href":"https:\/\/otbpen.com\/loja\/wp-json\/wp\/v2\/product_tag?post=353"}],"curies":[{"name":"wp","href":"https:\/\/api.w.org\/{rel}","templated":true}]}}