{"id":480,"date":"2022-07-18T21:12:40","date_gmt":"2022-07-19T00:12:40","guid":{"rendered":"https:\/\/otbpen.com\/loja\/?post_type=product&#038;p=480"},"modified":"2024-07-15T15:51:41","modified_gmt":"2024-07-15T18:51:41","slug":"plus","status":"publish","type":"product","link":"https:\/\/otbpen.com\/loja\/product\/marcadores-invisiveis\/plus\/","title":{"rendered":"Caneta OTB Invisible Plus (Cx c\/ 12un)"},"content":{"rendered":"<h4><strong>Aten\u00e7\u00e3o! Valor correspondente a embalagem com 12 unidades.<\/strong><\/h4>\n<p>&nbsp;<\/p>\n<p><strong>Caneta hidrogr\u00e1fica desenvolvida com a tecnologia Invisible Pen OTB.<\/strong><\/p>\n<p>Mais indicadas para todos os tipos de materiais sint\u00e9ticos porosos.<br \/>\nN\u00e3o recomendadas para sint\u00e9ticos de cor branca e escura.<\/p>\n<p>Tinta: Base \u00e1gua.<\/p>\n<p><strong>ATEN\u00c7\u00c3O<\/strong>: \u00c9 necess\u00e1rio o uso de dispositivo de ilumina\u00e7\u00e3o UV para visualizar as marca\u00e7\u00f5es da Invisible Pen.<br \/>\nClique aqui para conhecer as op\u00e7\u00f5es de <a href=\"https:\/\/otbpen.com\/loja\/iluminacao-led-uv\/\">ilumina\u00e7\u00e3o UV<\/a> e <a href=\"https:\/\/otbpen.com\/loja\/hastes-e-suportes\/\">hastes pr\u00e1ticas<\/a> da OTB.<\/p>\n<p><strong>Importante<\/strong>: \u00c9 recomendado fazer testes de prova nas aplica\u00e7\u00f5es desejadas antes de colocar em linha de produ\u00e7\u00e3o.<\/p>\n<p>A tecnologia Invisible Pen \u00e9 patenteada pela OTB e foi desenvolvida para que a tinta das canetas de demarca\u00e7\u00e3o seja invis\u00edvel a olho nu, podendo ser vista somente com luz ultra violeta, a curta dist\u00e2ncia. Os produtos dessa linha s\u00e3o de f\u00e1cil aplica\u00e7\u00e3o e oferecem precis\u00e3o, visibilidade e risco perfeito. Isso \u00e9 poss\u00edvel devido \u00e0 efici\u00eancia das tintas especiais e \u00e0 pot\u00eancia dos dispositivos de ilumina\u00e7\u00e3o da linha Power Lumini.<\/p>\n<p><a href=\"https:\/\/otbpen.com\/invisible-pen-orientacoes-para-uso-dos-refis-esferograficos\/\">CLIQUE AQUI E CONFIRA AS ORIENTA\u00c7\u00d5ES PARA USO DOS REFIS ESFEROGR\u00c1FICOS INVISIBLE PEN.<\/a><\/p>\n<h4>Especifica\u00e7\u00f5es<\/h4>\n<p><strong>Componentes:<\/strong> Corpo, batoque, tampa, ponta, feltro e tinta<\/p>\n<p><strong>Composi\u00e7\u00e3o s\u00f3lida:<\/strong> 100% PP<\/p>\n<p><strong>Composi\u00e7\u00e3o l\u00edquida:<\/strong> L\u00edquido incolor de odor caracter\u00edstico; Solventes hidrox\u00edlicos; Densidade \u00e0 20\u00baC: 0,94952g\/cm3<\/p>\n<p><strong>Armazenamento:<\/strong> Evitar exposi\u00e7\u00e3o sob toda fonte de luz, chuva e temperaturas elevadas; Local ventilado e afastado de produtos qu\u00edmicos incompat\u00edveis, como agentes oxidantes fortes (cloratos, per\u00f3xidos e \u00e1cidos). Armazenar as caixas na posi\u00e7\u00e3o horizontal.<\/p>\n","protected":false},"excerpt":{"rendered":"<p>Aten\u00e7\u00e3o! Valor correspondente a embalagem com 12 unidades. &nbsp; Caneta hidrogr\u00e1fica desenvolvida com a tecnologia Invisible Pen OTB. Mais indicadas para todos os tipos de materiais sint\u00e9ticos porosos. N\u00e3o recomendadas para sint\u00e9ticos de cor branca e escura. Tinta: Base \u00e1gua. ATEN\u00c7\u00c3O: \u00c9 necess\u00e1rio o uso de dispositivo de ilumina\u00e7\u00e3o UV para visualizar as marca\u00e7\u00f5es da&hellip;<\/p>\n","protected":false},"featured_media":488,"comment_status":"open","ping_status":"closed","template":"","meta":[],"product_cat":[15],"product_tag":[],"class_list":{"0":"post-480","1":"product","2":"type-product","3":"status-publish","4":"has-post-thumbnail","6":"product_cat-marcadores-invisiveis","7":"pa_ponta-caneta-pab","8":"pa_ponta-caneta-pam","9":"pa_ponta-caneta-pfp","11":"first","12":"instock","13":"shipping-taxable","14":"purchasable","15":"product-type-variable","16":"col-xs-6 col-sm-4","17":"col-md-3 col-lg-3","18":"un-4-cols"},"_links":{"self":[{"href":"https:\/\/otbpen.com\/loja\/wp-json\/wp\/v2\/product\/480","targetHints":{"allow":["GET"]}}],"collection":[{"href":"https:\/\/otbpen.com\/loja\/wp-json\/wp\/v2\/product"}],"about":[{"href":"https:\/\/otbpen.com\/loja\/wp-json\/wp\/v2\/types\/product"}],"replies":[{"embeddable":true,"href":"https:\/\/otbpen.com\/loja\/wp-json\/wp\/v2\/comments?post=480"}],"wp:featuredmedia":[{"embeddable":true,"href":"https:\/\/otbpen.com\/loja\/wp-json\/wp\/v2\/media\/488"}],"wp:attachment":[{"href":"https:\/\/otbpen.com\/loja\/wp-json\/wp\/v2\/media?parent=480"}],"wp:term":[{"taxonomy":"product_cat","embeddable":true,"href":"https:\/\/otbpen.com\/loja\/wp-json\/wp\/v2\/product_cat?post=480"},{"taxonomy":"product_tag","embeddable":true,"href":"https:\/\/otbpen.com\/loja\/wp-json\/wp\/v2\/product_tag?post=480"}],"curies":[{"name":"wp","href":"https:\/\/api.w.org\/{rel}","templated":true}]}}