{"id":58,"date":"2022-07-04T15:44:47","date_gmt":"2022-07-04T18:44:47","guid":{"rendered":"https:\/\/otbpen.com\/loja\/?post_type=product&#038;p=58"},"modified":"2026-01-20T09:11:19","modified_gmt":"2026-01-20T12:11:19","slug":"led-uv-white-flexivel","status":"publish","type":"product","link":"https:\/\/otbpen.com\/loja\/product\/iluminacao-led-uv\/led-uv-white-flexivel\/","title":{"rendered":"Led UV\/white flex\u00edvel"},"content":{"rendered":"<h4>Versatilidade e praticidade em ilumina\u00e7\u00e3o. Esse produto tem quatro fases:<\/h4>\n<ol>\n<li>Ilumina\u00e7\u00e3o branca<\/li>\n<li>Ilumina\u00e7\u00e3o UV Power Lumini<\/li>\n<li>Ilumina\u00e7\u00e3o UV Power Lumini e branca acionadas juntas<\/li>\n<li>Neutro &#8211; Desligado<\/li>\n<\/ol>\n<p>Altera\u00e7\u00e3o de fases pela tecnologia sens\u00edvel ao toque. Garantia de efici\u00eancia e praticidade.<br \/>\nHaste flex\u00edvel<br \/>\nAjuste fino 360\u00ba<br \/>\nIm\u00e3 na base para facilitar a fixa\u00e7\u00e3o.<\/p>\n<p><strong>Especifica\u00e7\u00f5es<\/strong><\/p>\n<p>15 chips de LED UV e 4 chips de LED branco<br \/>\nSensor sens\u00edvel ao toque<br \/>\nBivolt<\/p>\n<p><strong>Garantia<\/strong><\/p>\n<p>A garantia dos componentes eletr\u00f4nicos \u00e9 de 12 meses da data de emiss\u00e3o da Nota Fiscal.<br \/>\nEssa garantia n\u00e3o cobre interfer\u00eancias externas como problemas na rede de alimenta\u00e7\u00e3o, raios, etc.<\/p>\n","protected":false},"excerpt":{"rendered":"<p>Versatilidade e praticidade em ilumina\u00e7\u00e3o. Esse produto tem quatro fases: Ilumina\u00e7\u00e3o branca Ilumina\u00e7\u00e3o UV Power Lumini Ilumina\u00e7\u00e3o UV Power Lumini e branca acionadas juntas Neutro &#8211; Desligado Altera\u00e7\u00e3o de fases pela tecnologia sens\u00edvel ao toque. Garantia de efici\u00eancia e praticidade. Haste flex\u00edvel Ajuste fino 360\u00ba Im\u00e3 na base para facilitar a fixa\u00e7\u00e3o. Especifica\u00e7\u00f5es 15 chips&hellip;<\/p>\n","protected":false},"featured_media":741,"comment_status":"open","ping_status":"closed","template":"","meta":[],"product_cat":[18],"product_tag":[],"class_list":{"0":"post-58","1":"product","2":"type-product","3":"status-publish","4":"has-post-thumbnail","6":"product_cat-iluminacao-led-uv","8":"first","9":"instock","10":"shipping-taxable","11":"purchasable","12":"product-type-simple","13":"col-xs-6 col-sm-4","14":"col-md-3 col-lg-3","15":"un-4-cols"},"_links":{"self":[{"href":"https:\/\/otbpen.com\/loja\/wp-json\/wp\/v2\/product\/58","targetHints":{"allow":["GET"]}}],"collection":[{"href":"https:\/\/otbpen.com\/loja\/wp-json\/wp\/v2\/product"}],"about":[{"href":"https:\/\/otbpen.com\/loja\/wp-json\/wp\/v2\/types\/product"}],"replies":[{"embeddable":true,"href":"https:\/\/otbpen.com\/loja\/wp-json\/wp\/v2\/comments?post=58"}],"wp:featuredmedia":[{"embeddable":true,"href":"https:\/\/otbpen.com\/loja\/wp-json\/wp\/v2\/media\/741"}],"wp:attachment":[{"href":"https:\/\/otbpen.com\/loja\/wp-json\/wp\/v2\/media?parent=58"}],"wp:term":[{"taxonomy":"product_cat","embeddable":true,"href":"https:\/\/otbpen.com\/loja\/wp-json\/wp\/v2\/product_cat?post=58"},{"taxonomy":"product_tag","embeddable":true,"href":"https:\/\/otbpen.com\/loja\/wp-json\/wp\/v2\/product_tag?post=58"}],"curies":[{"name":"wp","href":"https:\/\/api.w.org\/{rel}","templated":true}]}}