{"id":646,"date":"2022-07-20T09:26:35","date_gmt":"2022-07-20T12:26:35","guid":{"rendered":"https:\/\/otbpen.com\/loja\/?post_type=product&#038;p=646"},"modified":"2024-07-15T15:48:41","modified_gmt":"2024-07-15T18:48:41","slug":"tesoura-mundial-cr","status":"publish","type":"product","link":"https:\/\/otbpen.com\/loja\/product\/componentes-em-geral\/tesoura-mundial-cr\/","title":{"rendered":"Tesoura Mundial CR 1422"},"content":{"rendered":"<h4>Tesoura de Bordar Mundial &#8211; Refile Reta &#8211; Linha Practical<\/h4>\n<p>A Tesoura de Bordar Mundial \u00e9 um instrumento essencial para quem busca precis\u00e3o e qualidade em seus trabalhos. Fabricada pela renomada Mundial S\/A, esta tesoura possui l\u00e2minas de a\u00e7o carbono de alta durabilidade, projetadas para cortes precisos e delicados.<\/p>\n<p><strong>Caracter\u00edsticas:<\/strong><\/p>\n<ul>\n<li>Tipo: Refile Reta<\/li>\n<li>Material: A\u00e7o Carbono<\/li>\n<li>Medida: 3 1\/2\u2033 (8,9 cm)<\/li>\n<li>Marca: Mundial S\/A<\/li>\n<\/ul>\n","protected":false},"excerpt":{"rendered":"<p>Tesoura de Bordar Mundial &#8211; Refile Reta &#8211; Linha Practical A Tesoura de Bordar Mundial \u00e9 um instrumento essencial para quem busca precis\u00e3o e qualidade em seus trabalhos. Fabricada pela renomada Mundial S\/A, esta tesoura possui l\u00e2minas de a\u00e7o carbono de alta durabilidade, projetadas para cortes precisos e delicados. Caracter\u00edsticas: Tipo: Refile Reta Material: A\u00e7o&hellip;<\/p>\n","protected":false},"featured_media":647,"comment_status":"open","ping_status":"closed","template":"","meta":[],"product_cat":[22],"product_tag":[],"class_list":{"0":"post-646","1":"product","2":"type-product","3":"status-publish","4":"has-post-thumbnail","6":"product_cat-componentes-em-geral","8":"first","9":"instock","10":"shipping-taxable","11":"purchasable","12":"product-type-simple","13":"col-xs-6 col-sm-4","14":"col-md-3 col-lg-3","15":"un-4-cols"},"_links":{"self":[{"href":"https:\/\/otbpen.com\/loja\/wp-json\/wp\/v2\/product\/646","targetHints":{"allow":["GET"]}}],"collection":[{"href":"https:\/\/otbpen.com\/loja\/wp-json\/wp\/v2\/product"}],"about":[{"href":"https:\/\/otbpen.com\/loja\/wp-json\/wp\/v2\/types\/product"}],"replies":[{"embeddable":true,"href":"https:\/\/otbpen.com\/loja\/wp-json\/wp\/v2\/comments?post=646"}],"wp:featuredmedia":[{"embeddable":true,"href":"https:\/\/otbpen.com\/loja\/wp-json\/wp\/v2\/media\/647"}],"wp:attachment":[{"href":"https:\/\/otbpen.com\/loja\/wp-json\/wp\/v2\/media?parent=646"}],"wp:term":[{"taxonomy":"product_cat","embeddable":true,"href":"https:\/\/otbpen.com\/loja\/wp-json\/wp\/v2\/product_cat?post=646"},{"taxonomy":"product_tag","embeddable":true,"href":"https:\/\/otbpen.com\/loja\/wp-json\/wp\/v2\/product_tag?post=646"}],"curies":[{"name":"wp","href":"https:\/\/api.w.org\/{rel}","templated":true}]}}