{"id":766,"date":"2023-03-27T15:14:00","date_gmt":"2023-03-27T18:14:00","guid":{"rendered":"https:\/\/otbpen.com\/loja\/?post_type=product&#038;p=766"},"modified":"2026-01-20T09:06:55","modified_gmt":"2026-01-20T12:06:55","slug":"luminaria-flexivel","status":"publish","type":"product","link":"https:\/\/otbpen.com\/loja\/product\/iluminacao-led-uv\/luminaria-flexivel\/","title":{"rendered":"Lumin\u00e1ria flex\u00edvel UV"},"content":{"rendered":"<h4><strong>Nova lumin\u00e1ria Power Lumini: muito mais pot\u00eancia, design e flexibilidade para as ind\u00fastrias!<\/strong><\/h4>\n<p>Vers\u00e1til, a lumin\u00e1ria flex\u00edvel oferece op\u00e7\u00f5es de regulagem e amplitude de angula\u00e7\u00e3o. Mais moderna, eficiente e pr\u00e1tica de instalar!<\/p>\n<p><strong>Especifica\u00e7\u00f5es<\/strong><\/p>\n<p>99 chips de led<br \/>\nPot\u00eancia de entrada: 10w<br \/>\nTempo de eleva\u00e7\u00e3o: 30000 horas<br \/>\nBivolt<\/p>\n<p><strong>Garantia<\/strong><\/p>\n<p>A garantia dos componentes eletr\u00f4nicos \u00e9 de 12 meses da data de emiss\u00e3o da Nota Fiscal.<br \/>\nEssa garantia n\u00e3o cobre interfer\u00eancias externas como problemas na rede de alimenta\u00e7\u00e3o, raios, etc.<\/p>\n","protected":false},"excerpt":{"rendered":"<p>Nova lumin\u00e1ria Power Lumini: muito mais pot\u00eancia, design e flexibilidade para as ind\u00fastrias! Vers\u00e1til, a lumin\u00e1ria flex\u00edvel oferece op\u00e7\u00f5es de regulagem e amplitude de angula\u00e7\u00e3o. Mais moderna, eficiente e pr\u00e1tica de instalar! Especifica\u00e7\u00f5es 99 chips de led Pot\u00eancia de entrada: 10w Tempo de eleva\u00e7\u00e3o: 30000 horas Bivolt Garantia A garantia dos componentes eletr\u00f4nicos \u00e9 de&hellip;<\/p>\n","protected":false},"featured_media":768,"comment_status":"open","ping_status":"closed","template":"","meta":[],"product_cat":[18],"product_tag":[],"class_list":{"0":"post-766","1":"product","2":"type-product","3":"status-publish","4":"has-post-thumbnail","6":"product_cat-iluminacao-led-uv","8":"first","9":"instock","10":"shipping-taxable","11":"purchasable","12":"product-type-simple","13":"col-xs-6 col-sm-4","14":"col-md-3 col-lg-3","15":"un-4-cols"},"_links":{"self":[{"href":"https:\/\/otbpen.com\/loja\/wp-json\/wp\/v2\/product\/766","targetHints":{"allow":["GET"]}}],"collection":[{"href":"https:\/\/otbpen.com\/loja\/wp-json\/wp\/v2\/product"}],"about":[{"href":"https:\/\/otbpen.com\/loja\/wp-json\/wp\/v2\/types\/product"}],"replies":[{"embeddable":true,"href":"https:\/\/otbpen.com\/loja\/wp-json\/wp\/v2\/comments?post=766"}],"wp:featuredmedia":[{"embeddable":true,"href":"https:\/\/otbpen.com\/loja\/wp-json\/wp\/v2\/media\/768"}],"wp:attachment":[{"href":"https:\/\/otbpen.com\/loja\/wp-json\/wp\/v2\/media?parent=766"}],"wp:term":[{"taxonomy":"product_cat","embeddable":true,"href":"https:\/\/otbpen.com\/loja\/wp-json\/wp\/v2\/product_cat?post=766"},{"taxonomy":"product_tag","embeddable":true,"href":"https:\/\/otbpen.com\/loja\/wp-json\/wp\/v2\/product_tag?post=766"}],"curies":[{"name":"wp","href":"https:\/\/api.w.org\/{rel}","templated":true}]}}