{"id":77,"date":"2022-07-04T15:52:39","date_gmt":"2022-07-04T18:52:39","guid":{"rendered":"https:\/\/otbpen.com\/loja\/?post_type=product&#038;p=77"},"modified":"2025-06-01T18:46:09","modified_gmt":"2025-06-01T21:46:09","slug":"pote-plastico-especial-para-pincel","status":"publish","type":"product","link":"https:\/\/otbpen.com\/loja\/product\/componentes-em-geral\/pote-plastico-especial-para-pincel\/","title":{"rendered":"Pote pl\u00e1stico especial para pincel"},"content":{"rendered":"<h4><strong>Pote Pl\u00e1stico Especial para Pincel &#8211; Economia de Solvente<\/strong><\/h4>\n<p>O Pote Pl\u00e1stico Especial para Pincel \u00e9 projetado para otimizar o uso de solventes, minimizando o desperd\u00edcio por evapora\u00e7\u00e3o. Com sua constru\u00e7\u00e3o eficiente, este pote proporciona uma economia significativa de produto, podendo reduzir o consumo em 2 a 3 vezes, em m\u00e9dia.<\/p>\n<ul>\n<li>Pote pl\u00e1stico para armazenar os pinc\u00e9is que est\u00e3o no rod\u00edzio de uso.<\/li>\n<li>Potencializa a vida \u00fatil do pincel, se tampado e usado corretamente.<\/li>\n<li>Evita o desperd\u00edcio de solvente pela evapora\u00e7\u00e3o, promovendo uma economia de produto de 2 a 3x, em m\u00e9dia.<\/li>\n<\/ul>\n<p>Perfeito para profissionais que utilizam solventes em suas atividades di\u00e1rias, este pote especial garante que o produto permane\u00e7a dispon\u00edvel para uso por mais tempo, sem comprometer a qualidade ou efici\u00eancia. Sua praticidade e design inteligente fazem dele uma escolha indispens\u00e1vel para quem valoriza economia e sustentabilidade em suas pr\u00e1ticas.<\/p>\n","protected":false},"excerpt":{"rendered":"<p>Pote Pl\u00e1stico Especial para Pincel &#8211; Economia de Solvente O Pote Pl\u00e1stico Especial para Pincel \u00e9 projetado para otimizar o uso de solventes, minimizando o desperd\u00edcio por evapora\u00e7\u00e3o. Com sua constru\u00e7\u00e3o eficiente, este pote proporciona uma economia significativa de produto, podendo reduzir o consumo em 2 a 3 vezes, em m\u00e9dia. Pote pl\u00e1stico para armazenar&hellip;<\/p>\n","protected":false},"featured_media":670,"comment_status":"open","ping_status":"closed","template":"","meta":[],"product_cat":[22],"product_tag":[],"class_list":{"0":"post-77","1":"product","2":"type-product","3":"status-publish","4":"has-post-thumbnail","6":"product_cat-componentes-em-geral","8":"first","9":"instock","10":"shipping-taxable","11":"purchasable","12":"product-type-simple","13":"col-xs-6 col-sm-4","14":"col-md-3 col-lg-3","15":"un-4-cols"},"_links":{"self":[{"href":"https:\/\/otbpen.com\/loja\/wp-json\/wp\/v2\/product\/77","targetHints":{"allow":["GET"]}}],"collection":[{"href":"https:\/\/otbpen.com\/loja\/wp-json\/wp\/v2\/product"}],"about":[{"href":"https:\/\/otbpen.com\/loja\/wp-json\/wp\/v2\/types\/product"}],"replies":[{"embeddable":true,"href":"https:\/\/otbpen.com\/loja\/wp-json\/wp\/v2\/comments?post=77"}],"wp:featuredmedia":[{"embeddable":true,"href":"https:\/\/otbpen.com\/loja\/wp-json\/wp\/v2\/media\/670"}],"wp:attachment":[{"href":"https:\/\/otbpen.com\/loja\/wp-json\/wp\/v2\/media?parent=77"}],"wp:term":[{"taxonomy":"product_cat","embeddable":true,"href":"https:\/\/otbpen.com\/loja\/wp-json\/wp\/v2\/product_cat?post=77"},{"taxonomy":"product_tag","embeddable":true,"href":"https:\/\/otbpen.com\/loja\/wp-json\/wp\/v2\/product_tag?post=77"}],"curies":[{"name":"wp","href":"https:\/\/api.w.org\/{rel}","templated":true}]}}